{"id":4152,"date":"2016-02-18T15:58:48","date_gmt":"2016-02-18T14:58:48","guid":{"rendered":"https:\/\/www.lc3trasporti.com\/it\/cookie\/"},"modified":"2021-02-18T18:43:45","modified_gmt":"2021-02-18T17:43:45","slug":"cookie","status":"publish","type":"page","link":"https:\/\/www.lc3trasporti.com\/it\/cookie\/?lang=en","title":{"rendered":"Cookie"},"content":{"rendered":"<p>[vc_row][vc_column][vc_column_text]<strong>Chi siamo e cosa facciamo dei tuoi dati personali?<\/strong><\/p>\n<p><strong>Logicompany 3 S.r.l. <\/strong>con sede legale in Via Tifernate, 204, 06024 Gubbio (PG), (di seguito anche Il Titolare), in qualit\u00e0 di titolare del trattamento, si preoccupa della riservatezza dei tuoi dati personali e di garantire ad essi la protezione necessaria da ogni evento che possa metterli a rischio di violazione.<\/p>\n<p>Il Titolare mette in pratica al fine policy e prassi aventi riguardo alla raccolta e all\u2019utilizzo dei dati personali e all\u2019esercizio dei diritti che ti sono riconosciuti dalla normativa applicabile. Il Titolare ha cura di aggiornare le policy e le prassi adottate per la protezione dei dati personali ogni volta che ci\u00f2 si renda necessario e comunque in caso di modifiche normative e organizzative che possano incidere sui trattamenti dei tuoi dati personali.<\/p>\n<p>Il Titolare ha nominato un responsabile della protezione dei dati o data protection officer (RPD o DPO) che puoi contattare se hai domande sulle policy e le prassi adottate.<\/p>\n<p>Puoi contattare il RPD\/DPO all\u2019indirizzo <a href=\"mailto:dpo.lc3@lc3trasporti.com\">dpo.lc3@lc3trasporti.com<\/a><\/p>\n<p>&nbsp;<\/p>\n<p>&nbsp;<\/p>\n<p><strong>Come raccoglie e tratta i tuoi dati il Titolare?<\/strong><\/p>\n<p>Le informazioni personali che ti riguardano saranno trattate per:<\/p>\n<ul>\n<li><strong>La navigazione del sito<\/strong><a href=\"https:\/\/www.lc3trasporti.com\/it\/\"><strong>https:\/\/www.lc3trasporti.com\/it\/<\/strong><\/a><\/li>\n<\/ul>\n<p>Il trattamento dei tuoi dati personali, quali dati di navigazione ad es. l\u2019indirizzo IP e cookie rilasciati mediante la navigazione del sito <a href=\"https:\/\/www.lc3trasporti.com\/it\/\">https:\/\/www.lc3trasporti.com\/it\/<\/a> sono trattati dal Titolare per dar seguito alla gestione del sito e per raccogliere informazioni anche di natura aggregata.<\/p>\n<p>I tuoi dati personali non saranno in alcun modo diffusi o divulgati verso soggetti indeterminati.<\/p>\n<p><strong>\u00a0<\/strong><\/p>\n<ul>\n<li><strong>La comunicazione a terzi e destinatari <\/strong><\/li>\n<\/ul>\n<p>La comunicazione dei tuoi dati personali avviene principalmente nei confronti di terzi e\/o destinatari la cui attivit\u00e0 \u00e8 necessaria per l\u2019espletamento delle attivit\u00e0 inerenti alle finalit\u00e0 predette, e anche per rispondere a determinati obblighi di legge. Ogni comunicazione che non risponde a tali finalit\u00e0 sar\u00e0 sottoposta al tuo consenso.<\/p>\n<p>In particolare, i tuoi dati saranno comunicati a terzi\/destinatari per:<\/p>\n<ol>\n<li>lo svolgimento del servizio (es. provider di servizi informatici);<\/li>\n<\/ol>\n<ol start=\"2\">\n<li>comunicazioni nei confronti dell\u2019amministrazione finanziaria, e degli enti pubblici di vigilanza e controllo nei confronti dei quali il Titolare deve adempiere a specifici obblighi derivanti dalla specificit\u00e0 dell\u2019attivit\u00e0 esercitata;<\/li>\n<\/ol>\n<p>I dati personali che il Titolare tratta per tale finalit\u00e0 sono:<\/p>\n<ul>\n<li>dati di navigazione <a href=\"http:\/\/www.lc3trasporti.com\">lc3trasporti.com<\/a> \u2013 80.88.88.70<\/li>\n<\/ul>\n<p>&nbsp;<\/p>\n<ul>\n<li><strong>Motivi di<\/strong><strong>sicurezzainformatica<\/strong><\/li>\n<\/ul>\n<p>Il Titolare tratta, anche per mezzo dei suoi fornitori (terzi e\/o destinatari), i tuoi dati personali (es. indirizzo IP) o di traffico raccolti, o ottenuti, in caso di servizi esposti sul sito web in misura strettamente necessaria e proporzionata per garantire la sicurezza e la capacit\u00e0 di una rete o dei server ad essa connessi di resistere, a un dato livello di sicurezza, a eventi imprevisti o atti illeciti o dolosi che compromettano la disponibilit\u00e0, l&#8217;autenticit\u00e0, l&#8217;integrit\u00e0 e la riservatezza dei dati personali conservati o trasmessi.<\/p>\n<p>A tali fini il Titolare prevede procedure per la gestione della violazione dei dati personali (data breach).<\/p>\n<p><strong>\u00a0<\/strong><\/p>\n<p><strong>Cosa sono i cookie e per quali finalit\u00e0 possono essere utilizzati<\/strong><\/p>\n<p>Un &#8220;cookie&#8221; \u00e8 un piccolo file di testo creato da alcuni siti web sul computer dell\u2019utente al momento in cui questo accede ad un determinato sito, con lo scopo di immagazzinare e trasportare informazioni. I cookie sono inviati da un server web (che \u00e8 il computer sul quale \u00e8 in esecuzione il sito web visitato) al browser dell\u2019utente (Internet Explorer, Mozilla Firefox, Google Chrome, ecc.) e memorizzati sul computer di quest\u2019ultimo; vengono, quindi, re-inviati al sito web al momento delle visite successive.<\/p>\n<p>Alcune operazioni non potrebbero essere compiute senza l&#8217;uso dei cookie, che, in alcuni casi, sono quindi tecnicamente necessari. In altri casi il sito utilizza cookie per facilitare e agevolare la navigazione da parte dell\u2019utente o per consentire a questi di usufruire di servizi specificamente richiesti.<\/p>\n<p>I cookie possono rimanere nel sistema anche per lunghi periodi e possono contenere anche un codice identificativo unico. Ci\u00f2 consente ai siti che li utilizzano di tenere traccia della navigazione dell&#8217;utente all&#8217;interno del sito stesso, per finalit\u00e0 statistiche o pubblicitarie, per creare cio\u00e8 un profilo personalizzato dell&#8217;utente a partire dalle pagine che lo stesso ha visitato e mostrargli e\/o inviargli quindi pubblicit\u00e0 mirate (<em>c.d. Behavioural Advertising<\/em>).<\/p>\n<p><strong>\u00a0<\/strong><\/p>\n<p><strong>Quali cookie sono utilizzati e per quali finalit\u00e0 principale<\/strong><\/p>\n<p>Il Titolare riporta di seguito le specifiche categorie di cookie adoperati, la finalit\u00e0 e la conseguenza che deriva dalla loro de-selezione:<\/p>\n<table width=\"715\">\n<tbody>\n<tr>\n<td width=\"113\"><strong>TIPOLOGIA COOKIE<\/strong><\/td>\n<td width=\"94\"><strong>PRIMA\/TERZA PARTE<\/strong><\/td>\n<td width=\"179\"><strong>FINALITA\u2019<\/strong><\/td>\n<td width=\"151\"><strong>TEMPI DI CONSERVAZIONE<\/strong><\/td>\n<td width=\"176\"><strong>CONSEGUENZA IN CASO DI DESELEZIONE<\/strong><\/td>\n<\/tr>\n<tr>\n<td width=\"113\">Cookies tecnici<\/td>\n<td width=\"94\"><\/td>\n<td width=\"179\">Gestione del sito. Consentono il funzionamento e l\u2019esplorazione sicura ed efficiente del sito web<\/td>\n<td width=\"151\"><\/td>\n<td width=\"176\">Si tratta dei cookie necessari per l\u2019utilizzo del sito, bloccarli non ne permette il funzionamento<\/td>\n<\/tr>\n<tr>\n<td width=\"113\">Cookie di funzionalit\u00e0<\/td>\n<td width=\"94\"><\/td>\n<td width=\"179\">Facilitare la navigazione e il servizio reso all\u2019utente in funzione di una serie di criteri da quest\u2019ultimo selezionati<\/td>\n<td width=\"151\"><\/td>\n<td width=\"176\">Non sarebbe possibile mantenere le scelte effettuate dagli utenti durante la navigazione<\/td>\n<\/tr>\n<tr>\n<td width=\"113\">Cookie analytics<\/td>\n<td width=\"94\"><\/td>\n<td width=\"179\">Raccogliere informazioni in forma aggregata sulla navigazione da parte degli utenti per ottimizzare l&#8217;esperienza di navigazione e i servizi stessi.<\/td>\n<td width=\"151\"><\/td>\n<td width=\"176\">Non sarebbe pi\u00f9 possibile per il Titolare acquisire le informazioni aggregate<\/td>\n<\/tr>\n<\/tbody>\n<\/table>\n<p><strong>\u00a0<\/strong><\/p>\n<p><strong>Cookie di terze parti <\/strong><\/p>\n<p>Sul presente sito web sono operativi anche cookie di terzi parti, ossia cookie creati da un sito web diverso da quello che l\u2019utente sta attualmente visitando.<\/p>\n<p>In particolare, si informano gli utenti che il sito web utilizza i seguenti servizi che rilasciano cookies:<\/p>\n<p>&#8211; Il servizio di analisi web <strong><em><u>&#8220;Google Analytics&#8221; <\/u><\/em><\/strong>fornito da Google, Inc. \u00e8 un servizio di analisi web che utilizza dei &#8220;cookies&#8221; che vengono depositati sul computer dell\u2019utente per consentire al sito web visitato di analizzare come gli utenti lo utilizzano. Le informazioni generate dal cookie sull\u2019utilizzo del sito web visitato da parte dell\u2019utente (compreso l\u2019indirizzo IP) verranno trasmesse a Google, e depositate presso i server di Google negli Stati Uniti. Google utilizzer\u00e0 queste informazioni allo scopo di tracciare ed esaminare l\u2019utilizzo del sito web da parte dell\u2019utente, compilare report sulle attivit\u00e0 del sito web per gli operatori del sito e fornire altri servizi relativi alle attivit\u00e0 del sito web e all\u2019utilizzo di Internet. Per consultare l&#8217;informativa privacy della societ\u00e0 Google relativa al servizio Google Analytics, nonch\u00e9 esprimere il proprio consenso all\u2019utilizzo dei suddetti cookies, si rinvia al sito Internet <a href=\"https:\/\/developers.google.com\/analytics\/devguides\/collection\/analyticsjs\/cookie-usage\">https:\/\/developers.google.com\/analytics\/devguides\/collection\/analyticsjs\/cookie-usage<\/a>.<\/p>\n<p>&#8211; Il cookie rilasciati ed installati da FacebookInc. hanno lo scopo di fornire messaggi pubblicitari, come offerte in tempo reale, da parte di inserzionisti terzi. Per consultare l\u2019informativa privacy della societ\u00e0 FacebookInc. relativa ai cookie forniti, nonch\u00e9 esprimere il proprio consenso all\u2019utilizzo dei suddetti cookies, si rinvia al sito Internet<a href=\"https:\/\/it-it.facebook.com\/policies\/cookies\/\">https:\/\/it-it.facebook.com\/policies\/cookies\/<\/a>.<\/p>\n<p>&nbsp;<\/p>\n<p><strong>Social buttons<\/strong><\/p>\n<p>Sul sito <a href=\"https:\/\/www.lc3trasporti.com\/it\/\">https:\/\/www.lc3trasporti.com\/it\/<\/a>sono presenti dei particolari &#8220;pulsanti&#8221; (denominati \u201csocial buttons\/widgets\u201d) che raffigurano le icone di social network (p.e. Facebook, linkedin, etc.) e di altri servizi web (p.e. Youtube). Gli stessi consentono agli utenti che stanno navigando sulla pagina web del Titolare di accedere con un &#8220;click&#8221; ai social network di riferimento. In tal caso il social network ed i servizi web acquisiscono i dati relativi all\u2019utente, mentre il Titolare non condivider\u00e0 alcuna informazione di navigazione o dato dell\u2019utente acquisiti attraverso il proprio sito con i social network ed i servizi web accessibili grazie ai social buttons\/widgets. Tali servizi rilasciano \u201ccookies di terze parti\u201d. Di seguito si riportano i link alle informative privacy dei social network pi\u00f9 utilizzati e dei siti web cui i pulsanti rinviano:<\/p>\n<ul>\n<li>Per You Tube:<a href=\"https:\/\/policies.google.com\/technologies\/cookies?hl=it\">https:\/\/policies.google.com\/technologies\/cookies?hl=it<\/a><\/li>\n<li>perLinkedin: <a href=\"https:\/\/www.linkedin.com\/legal\/cookie_policy\">https:\/\/www.linkedin.com\/legal\/cookie_policy<\/a><\/li>\n<\/ul>\n<p>&nbsp;<\/p>\n<p><strong>\u00a0<\/strong><\/p>\n<p><strong>Deselezione e attivazionedei cookie<\/strong><\/p>\n<p>Superando il banner iniziale contenente l\u2019informativa breve, l\u2019utente ha prestato il proprio consenso espresso all\u2019utilizzo dei cookies del sito, come sopra dettagliati.<\/p>\n<p>Questa sezione permette all\u2019Utente di modificare l\u2019impostazione dei cookie del sito. Le preferenze espresse possono essere modificate cliccando sul seguente pulsante: [gdpr_preferences text=&#8221;MODIFICA LE PREFERENZE SULLA PRIVACY E I COOKIE&#8221;]<\/p>\n<p>&nbsp;<\/p>\n<p>Una volta abilitati, la deselezione dei singoli cookie potr\u00e0 avvenire liberamente anche tramite il proprio browser (selezionando il menu impostazioni, cliccando sulle opzioni Internet, aprendo la scheda relativa alla privacy e scegliendo il desiderato livello di blocco cookie). Per maggiori informazioni consultare i seguenti link: <a href=\"https:\/\/support.google.com\/chrome\/answer\/95647?hl=it&amp;p=cpn_cookies\">Google Chrome<\/a>, <a href=\"https:\/\/support.mozilla.org\/it\/kb\/Attivare%20e%20disattivare%20i%20cookie?redirectlocale=en-US&amp;redirectslug=Enabling+and+disabling+cookies\">Mozilla Firefox<\/a>,\u00a0<a href=\"https:\/\/support.apple.com\/kb\/PH19214?viewlocale=it_IT&amp;locale=en_US\">Apple Safari<\/a>\u00a0and\u00a0<a href=\"http:\/\/windows.microsoft.com\/it-it\/windows-vista\/block-or-allow-cookies\">Microsoft Windows Explorer<\/a>.<\/p>\n<p>Inoltre, si pu\u00f2 attivare l\u2019opzione \u201cDo Not Track\u201d presente nella maggior parte dei browser di ultima generazione.<\/p>\n<p>La disabilitazione dei cookie \u201cterze parti\u201d non pregiudica in alcun modo la navigabilit\u00e0 di questo sito.<\/p>\n<p><strong>\u00a0<\/strong><\/p>\n<p><strong>Che cosa succede se non fornisci i tuoi dati?<\/strong><\/p>\n<p>Ti invitiamo a prendere visione delle conseguenze derivanti dalla deselezione dei singoli cookie, cos\u00ec come riportate nella tabella sopra indicata.<\/p>\n<p>&nbsp;<\/p>\n<p><strong>Come, dove e per quanto tempo vengono conservati i tuoi dati?<\/strong><\/p>\n<p>&nbsp;<\/p>\n<p><strong>Come trattiamo i tuoi dati<\/strong><\/p>\n<p>Il trattamento dei dati personali \u00e8 eseguito attraverso procedure informatiche da parte di soggetti interni appositamente autorizzati e formati. A questi \u00e8 consentito l\u2019accesso ai tuoi dati personali nella misura e nei limiti in cui esso \u00e8 necessario per lo svolgimento delle attivit\u00e0 di trattamento che ti riguardano.<\/p>\n<p>Il Titolare verifica periodicamente gli strumenti mediante i quali i tuoi dati vengono trattati e le misure di sicurezza per essi previste di cui prevede l\u2019aggiornamento costante; verifica, anche per il tramite dei soggetti autorizzati al trattamento, che non siano raccolti, trattati, archiviati o conservati dati personali di cui non sia necessario il trattamento; verifica che i dati siano conservati con la garanzia di integrit\u00e0 e di autenticit\u00e0 e del loro uso per le finalit\u00e0 dei trattamenti effettivamente svolti.<\/p>\n<p><strong>\u00a0<\/strong><\/p>\n<p><strong>Dovetrattiamoituoidati<\/strong><\/p>\n<p>I dati sono conservati in archivi informatici e telematici situati all\u2019interno dell\u2019unione europea.<\/p>\n<p>&nbsp;<\/p>\n<p><strong>Per quanto tempo trattiamo i tuoi dati<\/strong><\/p>\n<p>-Cookie:<\/p>\n<p>Ti invitiamo a prendere visione dei termini di conservazione dei dati personali come indicati nella precedente tabella.<\/p>\n<p>-Navigazionesito:<\/p>\n<p>I dati personali vengono conservati per il tempo necessario a consentire la navigazione del sito e comunque non oltre 24 mesi, salvi i casi in cui si verifichino eventi che comportino l\u2019intervento delle Autorit\u00e0 competenti, anche in collaborazione con i terzi\/destinatari cui \u00e8 demandata l\u2019attivit\u00e0 di sicurezza informatica dei dati del Titolare, a svolgere eventuali indagini sulle cause che hanno determinato l\u2019evento, nonch\u00e9 per tutelare gli interessi del Titolare relativi a una eventuale responsabilit\u00e0 correlata all\u2019uso del sito e dei relativi servizi.<\/p>\n<p>&nbsp;<\/p>\n<p><strong>Quali sono i tuoi diritti?<\/strong><\/p>\n<p>In sostanza tu, in ogni momento e a titolo gratuito e senza oneri e formalit\u00e0 particolari per la tua richiesta, puoi:<\/p>\n<ul>\n<li>ottenere conferma del trattamento operato dal Titolare;<\/li>\n<li>accedere ai tuoi dati personali e conoscerne l\u2019origine (quando i dati non sono ottenuti da te direttamente), le finalit\u00e0 e gli scopi del trattamento, i dati dei soggetti a cui essi sono comunicati, il periodo di conservazione dei tuoi dati o i criteri utili per determinarlo;<\/li>\n<li>aggiornare o rettificare i tuoi dati personali in modo che siano sempre esatti e accurati;<\/li>\n<li>cancellare i tuoi dati personali dalle banche dati e\/o dagli archivi anche di backup del Titolare nel caso, tra gli altri, in cui non siano pi\u00f9 necessari per le finalit\u00e0 del trattamento o se questo si assume come illecito, e sempre se ne sussistano le condizioni previste per legge; e comunque se il trattamento non sia giustificato da un altro motivo ugualmente legittimo;<\/li>\n<li>limitare il trattamento dei tuoi dati personali in talune circostanze, ad esempio laddove tu ne abbia contestato l\u2019esattezza, per il periodo necessario al Titolare per verificarne l\u2019accuratezza. Tu devi essere informato, in tempi congrui, anche di quando il periodo di sospensione si sia compiuto o la causa della limitazione del trattamento sia venuta meno, e quindi la limitazione stessa revocata;<\/li>\n<li>ottenere i tuoi dati personali, se ricevuti o trattati dal Titolare con il tuo consenso e\/o se il loro trattamento avvenga sulla base di un contratto e con strumenti automatizzati, in formato elettronico anche al fine di trasmetterli ad altro titolare del trattamento.<\/li>\n<\/ul>\n<p>Il Titolare dovr\u00e0 procedere in tal senso senza ritardo e, comunque, al pi\u00f9 tardi entro un mese dal ricevimento della tua richiesta. Il termine pu\u00f2 essere prorogato di due mesi, se necessario, tenuto conto della complessit\u00e0 e del numero delle richieste ricevute dal Titolare. In tali casi il Titolare, entro un mese dal ricevimento della tua richiesta, ti informer\u00e0 e ti metter\u00e0 al corrente dei motivi della proroga. Per l\u2019esercizio dei tuoi diritti scrivi all\u2019indirizzo <a href=\"mailto:gdpr.lc3@lc3trasporti.com\">gdpr.lc3@lc3trasporti.com<\/a>.<\/p>\n<p><strong>Come e quando puoi opporti al trattamento dei tuoi dati personali?<\/strong><\/p>\n<p>Per motivi relativi alla tua situazione particolare, puoi opporti in ogni momento al trattamento dei tuoi dati personali se esso \u00e8 fondato sul legittimo interesse, inviando la tua richiesta al Titolare, all\u2019indirizzo<a href=\"mailto:gdpr.lc3@lc3trasporti.com\">gdpr.lc3@lc3trasporti.com<\/a><\/p>\n<p>Tu hai diritto alla cancellazione dei tuoi dati personali se non esiste un motivo legittimo prevalente rispetto a quello che ha dato origine alla tua richiesta.<\/p>\n<p><strong>A chi puoi proporre reclamo?<\/strong><\/p>\n<p>Fatta salva ogni altra azione in sede amministrativa o giudiziale, tu puoi presentare un reclamo all\u2019autorit\u00e0 di controllo competente ovvero a quella che svolge i suoi compiti ed esercita i suoi poteri in Italia dove hai la tua residenza abituale o lavori o se diverso nello Stato membro dove \u00e8 avvenuta la violazione del Regolamento (UE) 2016\/679.[\/vc_column_text][\/vc_column][\/vc_row]<\/p>\n","protected":false},"excerpt":{"rendered":"<p>[vc_row][vc_column][vc_column_text]Chi siamo e cosa facciamo dei tuoi dati personali? Logicompany 3 S.r.l. con sede legale in Via Tifernate, 204, 06024 Gubbio (PG), (di seguito anche Il Titolare), in qualit\u00e0 di titolare del trattamento, si preoccupa della riservatezza dei tuoi dati personali e di garantire ad essi la protezione necessaria da ogni evento che possa metterli &hellip;<\/p>\n","protected":false},"author":2,"featured_media":0,"parent":0,"menu_order":0,"comment_status":"closed","ping_status":"closed","template":"","meta":{"footnotes":""},"class_list":["post-4152","page","type-page","status-publish","hentry"],"acf":[],"yoast_head":"<!-- This site is optimized with the Yoast SEO plugin v20.1 - https:\/\/yoast.com\/wordpress\/plugins\/seo\/ -->\n<title>Cookie - LC3 Trasporti<\/title>\n<meta name=\"robots\" content=\"index, follow, max-snippet:-1, max-image-preview:large, max-video-preview:-1\" \/>\n<link rel=\"canonical\" href=\"https:\/\/www.lc3trasporti.com\/it\/cookie\/?lang=en\" \/>\n<meta property=\"og:locale\" content=\"it_IT\" \/>\n<meta property=\"og:type\" content=\"article\" \/>\n<meta property=\"og:title\" content=\"Cookie - LC3 Trasporti\" \/>\n<meta property=\"og:description\" content=\"[vc_row][vc_column][vc_column_text]Chi siamo e cosa facciamo dei tuoi dati personali? Logicompany 3 S.r.l. con sede legale in Via Tifernate, 204, 06024 Gubbio (PG), (di seguito anche Il Titolare), in qualit\u00e0 di titolare del trattamento, si preoccupa della riservatezza dei tuoi dati personali e di garantire ad essi la protezione necessaria da ogni evento che possa metterli &hellip;\" \/>\n<meta property=\"og:url\" content=\"https:\/\/www.lc3trasporti.com\/it\/cookie\/?lang=en\" \/>\n<meta property=\"og:site_name\" content=\"LC3 Trasporti\" \/>\n<meta property=\"article:modified_time\" content=\"2021-02-18T17:43:45+00:00\" \/>\n<meta name=\"twitter:card\" content=\"summary_large_image\" \/>\n<meta name=\"twitter:label1\" content=\"Tempo di lettura stimato\" \/>\n\t<meta name=\"twitter:data1\" content=\"11 minuti\" \/>\n<script type=\"application\/ld+json\" class=\"yoast-schema-graph\">{\"@context\":\"https:\/\/schema.org\",\"@graph\":[{\"@type\":\"WebPage\",\"@id\":\"https:\/\/www.lc3trasporti.com\/it\/cookie\/?lang=en\",\"url\":\"https:\/\/www.lc3trasporti.com\/it\/cookie\/?lang=en\",\"name\":\"Cookie - LC3 Trasporti\",\"isPartOf\":{\"@id\":\"https:\/\/www.lc3trasporti.com\/it\/#website\"},\"datePublished\":\"2016-02-18T14:58:48+00:00\",\"dateModified\":\"2021-02-18T17:43:45+00:00\",\"breadcrumb\":{\"@id\":\"https:\/\/www.lc3trasporti.com\/it\/cookie\/?lang=en#breadcrumb\"},\"inLanguage\":\"it-IT\",\"potentialAction\":[{\"@type\":\"ReadAction\",\"target\":[\"https:\/\/www.lc3trasporti.com\/it\/cookie\/?lang=en\"]}]},{\"@type\":\"BreadcrumbList\",\"@id\":\"https:\/\/www.lc3trasporti.com\/it\/cookie\/?lang=en#breadcrumb\",\"itemListElement\":[{\"@type\":\"ListItem\",\"position\":1,\"name\":\"Home\",\"item\":\"https:\/\/www.lc3trasporti.com\/it\/\"},{\"@type\":\"ListItem\",\"position\":2,\"name\":\"Cookie\"}]},{\"@type\":\"WebSite\",\"@id\":\"https:\/\/www.lc3trasporti.com\/it\/#website\",\"url\":\"https:\/\/www.lc3trasporti.com\/it\/\",\"name\":\"LC3 Trasporti\",\"description\":\"International natural transport\",\"potentialAction\":[{\"@type\":\"SearchAction\",\"target\":{\"@type\":\"EntryPoint\",\"urlTemplate\":\"https:\/\/www.lc3trasporti.com\/it\/?s={search_term_string}\"},\"query-input\":\"required name=search_term_string\"}],\"inLanguage\":\"it-IT\"}]}<\/script>\n<!-- \/ Yoast SEO plugin. -->","yoast_head_json":{"title":"Cookie - LC3 Trasporti","robots":{"index":"index","follow":"follow","max-snippet":"max-snippet:-1","max-image-preview":"max-image-preview:large","max-video-preview":"max-video-preview:-1"},"canonical":"https:\/\/www.lc3trasporti.com\/it\/cookie\/?lang=en","og_locale":"it_IT","og_type":"article","og_title":"Cookie - LC3 Trasporti","og_description":"[vc_row][vc_column][vc_column_text]Chi siamo e cosa facciamo dei tuoi dati personali? Logicompany 3 S.r.l. con sede legale in Via Tifernate, 204, 06024 Gubbio (PG), (di seguito anche Il Titolare), in qualit\u00e0 di titolare del trattamento, si preoccupa della riservatezza dei tuoi dati personali e di garantire ad essi la protezione necessaria da ogni evento che possa metterli &hellip;","og_url":"https:\/\/www.lc3trasporti.com\/it\/cookie\/?lang=en","og_site_name":"LC3 Trasporti","article_modified_time":"2021-02-18T17:43:45+00:00","twitter_card":"summary_large_image","twitter_misc":{"Tempo di lettura stimato":"11 minuti"},"schema":{"@context":"https:\/\/schema.org","@graph":[{"@type":"WebPage","@id":"https:\/\/www.lc3trasporti.com\/it\/cookie\/?lang=en","url":"https:\/\/www.lc3trasporti.com\/it\/cookie\/?lang=en","name":"Cookie - LC3 Trasporti","isPartOf":{"@id":"https:\/\/www.lc3trasporti.com\/it\/#website"},"datePublished":"2016-02-18T14:58:48+00:00","dateModified":"2021-02-18T17:43:45+00:00","breadcrumb":{"@id":"https:\/\/www.lc3trasporti.com\/it\/cookie\/?lang=en#breadcrumb"},"inLanguage":"it-IT","potentialAction":[{"@type":"ReadAction","target":["https:\/\/www.lc3trasporti.com\/it\/cookie\/?lang=en"]}]},{"@type":"BreadcrumbList","@id":"https:\/\/www.lc3trasporti.com\/it\/cookie\/?lang=en#breadcrumb","itemListElement":[{"@type":"ListItem","position":1,"name":"Home","item":"https:\/\/www.lc3trasporti.com\/it\/"},{"@type":"ListItem","position":2,"name":"Cookie"}]},{"@type":"WebSite","@id":"https:\/\/www.lc3trasporti.com\/it\/#website","url":"https:\/\/www.lc3trasporti.com\/it\/","name":"LC3 Trasporti","description":"International natural transport","potentialAction":[{"@type":"SearchAction","target":{"@type":"EntryPoint","urlTemplate":"https:\/\/www.lc3trasporti.com\/it\/?s={search_term_string}"},"query-input":"required name=search_term_string"}],"inLanguage":"it-IT"}]}},"_links":{"self":[{"href":"https:\/\/www.lc3trasporti.com\/it\/wp-json\/wp\/v2\/pages\/4152","targetHints":{"allow":["GET"]}}],"collection":[{"href":"https:\/\/www.lc3trasporti.com\/it\/wp-json\/wp\/v2\/pages"}],"about":[{"href":"https:\/\/www.lc3trasporti.com\/it\/wp-json\/wp\/v2\/types\/page"}],"author":[{"embeddable":true,"href":"https:\/\/www.lc3trasporti.com\/it\/wp-json\/wp\/v2\/users\/2"}],"replies":[{"embeddable":true,"href":"https:\/\/www.lc3trasporti.com\/it\/wp-json\/wp\/v2\/comments?post=4152"}],"version-history":[{"count":1,"href":"https:\/\/www.lc3trasporti.com\/it\/wp-json\/wp\/v2\/pages\/4152\/revisions"}],"predecessor-version":[{"id":4153,"href":"https:\/\/www.lc3trasporti.com\/it\/wp-json\/wp\/v2\/pages\/4152\/revisions\/4153"}],"wp:attachment":[{"href":"https:\/\/www.lc3trasporti.com\/it\/wp-json\/wp\/v2\/media?parent=4152"}],"curies":[{"name":"wp","href":"https:\/\/api.w.org\/{rel}","templated":true}]}}