{"id":488,"date":"2016-02-18T15:58:48","date_gmt":"2016-02-18T14:58:48","guid":{"rendered":"http:\/\/www.lc3trasporti.com\/it\/?page_id=488"},"modified":"2022-04-08T08:47:04","modified_gmt":"2022-04-08T07:47:04","slug":"cookie","status":"publish","type":"page","link":"https:\/\/www.lc3trasporti.com\/it\/cookie\/","title":{"rendered":"Cookie"},"content":{"rendered":"<p>[vc_row][vc_column][vc_column_text]In osservanza di quanto previsto dalla normativa in materia di protezione dei dati personali, dal Provvedimento del Garante per la Protezione dei Dati Personali\u201cLinee guida sui cookie e altri strumenti di tracciamento\u201d del 10 giugno 2021 (pubblicato sulla Gazzetta Ufficiale n. 163 del 9 luglio 2021) nonch\u00e9 di quanto previsto dagli altri provvedimentirilevanti in materia<em>,<\/em>Logicompany 3 S.r.l.con sede legale sita in Gubbio (PG), Via Tifernate n. 204,Titolare del Trattamento, (di seguito anche \u201cTitolare\u201d) informa gli utenti del sito internetwww.lc3trasporti.comdella tipologia di cookie utilizzati e delle finalit\u00e0 perseguite con le informazioni acquisite attraverso di essi, fornendo altres\u00ec le indicazioni per procedere alla selezione\/de-selezione dei singoli cookie.<\/p>\n<p><strong>\u00a0<\/strong><\/p>\n<p>Logicompany 3 S.r.lin qualit\u00e0 di Titolare del Trattamento dati protegge i dati personali degli Interessati assicurando la riservatezza e il rispetto della normativa in vigore e garantendo il necessario livello di protezione da ogni accadimento che possa metterli a rischio di violazione.<\/p>\n<p>La presente Cookie Policy (di seguito anche \u201cPolicy\u201d) ha lo scopo di descrivere le modalit\u00e0 di gestione dei cookie utilizzati dal presente sito.<\/p>\n<p><strong><u>Cosa sono i cookie e per quali finalit\u00e0 possono essere utilizzati<\/u><\/strong><\/p>\n<p>Un &#8220;cookie&#8221; \u00e8 un file di testo creato da un sito web sul computer dell\u2019utente al momento in cui questo accede al medesimo sito, con lo scopo di immagazzinare e trasportare informazioni.<\/p>\n<p>I cookie sono inviati da un server web (che \u00e8 il computer sul quale \u00e8 in esecuzione il sito web visitato) al browser dell\u2019utente (Internet Explorer, Mozilla Firefox, Google Chrome, ecc.) e memorizzati sul computer di quest\u2019ultimo; vengono, quindi, re-inviati al sito web al momento delle visite successive.<\/p>\n<p>Molte delle operazioni che normalmente si effettuano su un sito web non potrebbero essere compiute senza l&#8217;ausilio dei cookie, che, in tali casi, sono quindi <u>tecnicamente<\/u> necessari. Tale tipologia di cookies \u00e8 chiamata tecnica o di funzionalit\u00e0.<\/p>\n<p>In altri casi, il sito utilizza cookie per facilitare e agevolare la navigazione da parte dell\u2019utente o per consentire a questi di usufruire di servizi specificamente richiesti.<\/p>\n<p>I cookie possono permanere nel sistema anche per periodi di tempo considerevoli e possono contenere anche un codice identificativo unico. Questa circostanza consente ai siti che li utilizzano, di tenere traccia della navigazione effettuata dall&#8217;utente all&#8217;interno del sito, sia per finalit\u00e0 statistiche o pubblicitarie, sia per creare un profilo personalizzato dell&#8217;utente a partire dalle pagine che lo stesso ha visitato e mostrargli e\/o inviargli pubblicit\u00e0 mirate (<em>c.d. Behavioural Advertising o pubblicit\u00e0 comportamentale<\/em>).<\/p>\n<p><u>\u00a0<\/u><\/p>\n<p><strong>Il presente Sito NONUTILIZZACOOKIE DI PROFILAZIONE, pertanto l\u2019utente sar\u00e0 destinatario di Behavioural Advertising o pubblicit\u00e0 comportamentale effettuata per il tramite di tali strumenti di tracciamento.<\/strong><\/p>\n<p><strong>\u00a0<\/strong><\/p>\n<p><strong><u>Cookie utilizzati e relative finalit\u00e0 <\/u><\/strong><\/p>\n<p>Il Titolare riporta nella tabella di seguito le specifiche categorie di cookie presenti sul sito e la loro finalit\u00e0:<\/p>\n<div style=\"overflow-x: auto;\">\n<table width=\"100%\">\n<tbody>\n<tr>\n<td style=\"width: 162.312px;\"><strong>NOME COOKIE<\/strong><\/td>\n<td style=\"width: 141.391px;\"><strong>TIPOLOGIA<\/strong><\/td>\n<td style=\"width: 256.219px;\"><strong>FINALITA\u2019\/FUNZIONAMENTO<\/strong><\/td>\n<td style=\"width: 86.1094px;\"><strong>DURATA<\/strong><\/td>\n<td style=\"width: 129.531px;\"><strong>PROVENIENZA<\/strong><\/td>\n<\/tr>\n<tr>\n<td style=\"width: 162.312px;\">_grecaptcha<\/td>\n<td style=\"width: 141.391px;\">Necessari<\/td>\n<td style=\"width: 256.219px;\">Questo cookie \u00e8 usato per distinguere tra umani e robot. Questo \u00e8 utile per il sito web, al fine di rendere validi rapporti sull&#8217;uso del sito.<\/td>\n<td style=\"width: 86.1094px;\">Permanente<\/td>\n<td style=\"width: 129.531px;\">Lc3trasporti.com<\/td>\n<\/tr>\n<tr>\n<td style=\"width: 162.312px;\">_GRECAPTCHA<\/td>\n<td style=\"width: 141.391px;\">Necessari<\/td>\n<td style=\"width: 256.219px;\">Questo cookie \u00e8 usato per distinguere tra umani e robot. Questo \u00e8 utile per il sito web, al fine di rendere validi rapporti sull&#8217;uso del sito.<\/td>\n<td style=\"width: 86.1094px;\">179 giorni<\/td>\n<td style=\"width: 129.531px;\">Terza parte:<\/p>\n<p>google.com<\/td>\n<\/tr>\n<tr>\n<td style=\"width: 162.312px;\">Cookie CONSENT<\/p>\n<p>&nbsp;<\/td>\n<td style=\"width: 141.391px;\">Necessari<\/td>\n<td style=\"width: 256.219px;\">Memorizza lo stato del consenso ai cookie dell\u2019utente per il dominio corrente<\/td>\n<td style=\"width: 86.1094px;\">1 anno<\/td>\n<td style=\"width: 129.531px;\">Lc3trasporti.com<\/td>\n<\/tr>\n<tr>\n<td style=\"width: 162.312px;\">gdpr[allowed_cookies]<\/td>\n<td style=\"width: 141.391px;\">Necessari<\/td>\n<td style=\"width: 256.219px;\">Determina se il visitatore ha accettato la casella di consenso sui cookie. Ci\u00f2 evita che la casella del consenso riappare al momento del rientro.<\/td>\n<td style=\"width: 86.1094px;\">1 anno<\/td>\n<td style=\"width: 129.531px;\">Lc3trasporti.com<\/td>\n<\/tr>\n<tr>\n<td style=\"width: 162.312px;\">gdpr[consent_types]<\/td>\n<td style=\"width: 141.391px;\">Necessari<\/td>\n<td style=\"width: 256.219px;\">Determina se il visitatore ha accettato la casella di consenso sui cookie. Ci\u00f2 evita che la casella del consenso riappare al momento del rientro.<\/td>\n<td style=\"width: 86.1094px;\">1 anno<\/td>\n<td style=\"width: 129.531px;\">Lc3trasporti.com<\/td>\n<\/tr>\n<tr>\n<td style=\"width: 162.312px;\">rc::a<\/td>\n<td style=\"width: 141.391px;\">Necessari<\/td>\n<td style=\"width: 256.219px;\">Questo cookie \u00e8 usato per distinguere tra umani e robot. Questo \u00e8 utile per il sito web, al fine di rendere validi rapporti sull&#8217;uso del sito<\/td>\n<td style=\"width: 86.1094px;\">Permanente<\/td>\n<td style=\"width: 129.531px;\">Terza parte:<\/p>\n<p>google.com<\/td>\n<\/tr>\n<tr>\n<td style=\"width: 162.312px;\">rc::b<\/td>\n<td style=\"width: 141.391px;\">Necessari<\/td>\n<td style=\"width: 256.219px;\">Questo cookie \u00e8 usato per distinguere tra umani e robot..<\/td>\n<td style=\"width: 86.1094px;\">Sessione<\/td>\n<td style=\"width: 129.531px;\">Terza parte:<\/p>\n<p>google.com<\/td>\n<\/tr>\n<tr>\n<td style=\"width: 162.312px;\">rc::c<\/td>\n<td style=\"width: 141.391px;\">Necessari<\/td>\n<td style=\"width: 256.219px;\">Questo cookie \u00e8 usato per distinguere tra umani e robot.<\/td>\n<td style=\"width: 86.1094px;\">Sessione<\/td>\n<td style=\"width: 129.531px;\">Terza parte:<\/p>\n<p>google.com<\/td>\n<\/tr>\n<tr>\n<td style=\"width: 162.312px;\">_ga<\/td>\n<td style=\"width: 141.391px;\">Statistiche\/Analitici<\/td>\n<td style=\"width: 256.219px;\">Registra un ID univoco utilizzato per generare dati statistici su come il visitatore utilizza il sito internet.<\/td>\n<td style=\"width: 86.1094px;\">2 anni<\/td>\n<td style=\"width: 129.531px;\">Lc3trasporti.com<\/td>\n<\/tr>\n<tr>\n<td style=\"width: 162.312px;\">_gat<\/td>\n<td style=\"width: 141.391px;\">Statistiche\/Analitici<\/td>\n<td style=\"width: 256.219px;\">Utilizzato da Google Analytics per limitare la frequenza delle richieste<\/td>\n<td style=\"width: 86.1094px;\">1 giorno<\/td>\n<td style=\"width: 129.531px;\">Lc3trasporti.com<\/td>\n<\/tr>\n<tr>\n<td style=\"width: 162.312px;\">_gid<\/td>\n<td style=\"width: 141.391px;\">Statistiche\/Analitici<\/td>\n<td style=\"width: 256.219px;\">Registra un ID univoco utilizzato per generare dati statistici su come il visitatore utilizza il sito internet<\/td>\n<td style=\"width: 86.1094px;\">1 giorno<\/td>\n<td style=\"width: 129.531px;\">Lc3trasporti.com<\/td>\n<\/tr>\n<\/tbody>\n<\/table>\n<\/div>\n<p>&nbsp;<\/p>\n<p>In particolare, si informano gli utenti che il sito web utilizza i seguenti servizi che rilasciano cookies:<\/p>\n<p>il servizio di analisi web <strong><em><u>&#8220;Google Analytics&#8221; <\/u><\/em><\/strong>fornito da Google, Inc. \u00e8 un servizio di analisi web che utilizza dei &#8220;cookies&#8221; che vengono depositati sul computer dell\u2019utente per consentire al sito web visitato di analizzare come gli utenti lo utilizzano. Le informazioni generate dal cookie sull\u2019utilizzo del sito web visitato da parte dell\u2019utente (compreso l\u2019indirizzo IP) verranno trasmesse a Google, e depositate presso i server di Google negli Stati Uniti. Google utilizzer\u00e0 queste informazioni allo scopo di tracciare ed esaminare l\u2019utilizzo del sito web da parte dell\u2019utente, compilare report sulle attivit\u00e0 del sito web per gli operatori del sito e fornire altri servizi relativi alle attivit\u00e0 del sito web e all\u2019utilizzo di Internet. Per consultare l&#8217;informativa privacy della societ\u00e0 Google relativa al servizio \u201cGoogle Analytics\u201d si rinvia al seguente link:<\/p>\n<p>&nbsp;<\/p>\n<p><a href=\"https:\/\/developers.google.com\/analytics\/devguides\/collection\/analyticsjs\/cookie-usage\">https:\/\/developers.google.com\/analytics\/devguides\/collection\/analyticsjs\/cookie-usage<\/a>.<\/p>\n<p><strong>\u00a0<\/strong><\/p>\n<p><strong>Social buttons<\/strong><\/p>\n<p>Sul sito www.lc3trasporti.com_ sono presenti dei pulsanti, denominati \u201csocial widgets\/button\u201d che raffigurano le icone di social network utilizzati da Logicompany3 S.r.l.nello specifico, Facebook eLinkedin e Youtube.<\/p>\n<p>Tali widgetconsentono agli utenti del sito, che stanno navigando sulla pagina web del Titolare di accedere con un &#8220;click\u201d ai social network di riferimento. In tal caso il social network ed i servizi web acquisiscono i dati relativi all\u2019utente, mentre il Titolare non condivider\u00e0 alcuna informazione di navigazione o dato dell\u2019utente acquisiti attraverso il proprio sito con i social network ed i servizi web accessibili grazie a tali strumenti. Il Titolare informa l\u2019Interessato che tali servizi rilasciano \u201ccookies di terze parti\u201d.<\/p>\n<p>Di seguito si riportano i link alle informative privacy dei social network cui i pulsanti presenti su questo sito rinvianorinviano:<\/p>\n<ul>\n<li>per Facebook:<a href=\"https:\/\/it-it.facebook.com\/policies\/cookies\/\">https:\/\/it-it.facebook.com\/policies\/cookies\/<\/a><\/li>\n<li>per Linkedin: <a href=\"https:\/\/it.linkedin.com\/legal\/cookie-policy\">https:\/\/it.linkedin.com\/legal\/cookie-policy<\/a><\/li>\n<li>per Youtube:<a href=\"https:\/\/it.linkedin.com\/legal\/cookie-policy\">https:\/\/it.linkedin.com\/legal\/cookie-policy<\/a><\/li>\n<\/ul>\n<p><strong><u>\u00a0<\/u><\/strong><\/p>\n<p><strong><u>Base giuridica del trattamento<\/u><\/strong><\/p>\n<p>La base giuridica sottesa ai trattamenti di dati personali di cui al presente documento \u00e8:<\/p>\n<p>relativamente ai cookie tecnici:<\/p>\n<p>art. n\u00b06 par.1 lett. b) GDPR il trattamento \u00e8 necessario all&#8217;esecuzione di un contratto di cui l&#8217;Interessato \u00e8 parte o all&#8217;esecuzione di misure precontrattuali adottate su richiesta dello stesso;<\/p>\n<p>relativamente ai cookie analitici:<\/p>\n<p>art. n\u00b06 par.1 lett. a) GDPR l&#8217;Interessato ha espresso il consenso al trattamento dei propri dati personali per una o pi\u00f9 specifiche finalit\u00e0.<\/p>\n<p><strong><u>Diritti dell\u2019Interessato<\/u><\/strong><\/p>\n<p>Ai sensi del Reg. UE 2016\/679 l\u2019Interessato ha diritto di:<\/p>\n<ul>\n<li>ottenere conferma del trattamento effettuato dal Titolare sui dati personali che lo riguardano;<\/li>\n<li>accedere ai propri dati personali e conoscerne l\u2019origine (quando i dati non sono ottenuti direttamente dall\u2019Interessato), le finalit\u00e0 del trattamento, i dati dei soggetti a cui essi sono comunicati (destinatari), il periodo di conservazione dei dati o in mancanza i criteri utili per determinarlo;<\/li>\n<li>ottenere la rettifica dei propri dati personali;<\/li>\n<li>ottenere la cancellazione dei propri dati personali dalle banche dati del Titolare nel caso in cui non siano pi\u00f9 necessari per le finalit\u00e0 per le quali siano stati raccolti o se il trattamento sia illecito e negli altri casi di cui all\u2019art. 17 GDPR;<\/li>\n<li>limitare il trattamento dei propri dati personali, ad esempio, laddove ne venga contestata l\u2019esattezza, per il periodo necessario al Titolare per verificarne l\u2019esattezza e in tutti gli altri casi di cui all\u2019art. 18 GDPR;<\/li>\n<li>ottenere i propri dati personali, in formato elettronico anche al fine di poterli comunicare ad altro Titolare (portabilit\u00e0).<\/li>\n<\/ul>\n<p>L\u2019Interessato potr\u00e0 far valere i propri diritti rivolgendosi al Titolare mediante comunicazione scritta all\u2019indirizzo<a href=\"mailto:gdpr.lc3@lc3trasporti.com\">gdpr.lc3@lc3trasporti.com<\/a><\/p>\n<p>Il Titolare dovr\u00e0 procedere in tal senso senza ritardo e, comunque, al pi\u00f9 tardi entro un mese dal ricevimento della richiesta. Il termine pu\u00f2 essere prorogato di due mesi, ed in tal caso il Titolare provveder\u00e0 sempre entro trenta giorni ad informare l\u2019Interessato circa i motivi che rendono necessaria la proroga.<\/p>\n<p><strong><u>Reclamo<\/u><\/strong><\/p>\n<p>L\u2019Interessato ha il diritto di presentare un reclamo all\u2019Autorit\u00e0 Garante per la Protezione dei Dati Personali.<\/p>\n<p>Nel caso in cui l\u2019Interessato risieda in uno stato membro diverso o la violazione della normativa a tutela dei dati personali avvenga in un altro paese dell\u2019UE rispetto a quello dove ha sede il Titolare del Trattamento, l\u2019Interessato dovr\u00e0 proporre reclamo all\u2019Autorit\u00e0 deputata al controllo del rispetto della normativa sulla protezione dei dati personali del suddetto paese.<\/p>\n<p>La proposizione del reclamo fa salva per l\u2019Interessato la possibilit\u00e0 di proporre ogni altra azione giudiziaria.<\/p>\n<p>&nbsp;<\/p>\n<p>&nbsp;<\/p>\n<p><strong><u>Deselezione e attivazione dei cookie<\/u><\/strong><\/p>\n<p>Questa sezione permette all\u2019Utente di modificare l\u2019impostazione dei cookie del sito dallo stesso precedentemente configurata per il tramite del banner iniziale. Una volta modificate le impostazionisi rendenecessario cliccare sul pulsante blu\u00a0 SALVA LE MIE PREFERENZE\u00a0 per memorizzare la nuova configurazione:<\/p>\n<p>[gdpr_preferences text=&#8221;Abilita\/disabilita i Cookies&#8221;]<\/p>\n<p>&nbsp;<\/p>\n<p>La de-selezione dei singoli cookie potr\u00e0 avvenire anche tramite il proprio browser. Sar\u00e0 sufficiente:<\/p>\n<ul>\n<li>selezionare il menu impostazioni<\/li>\n<li>cliccare sulle opzioni Internet<\/li>\n<li>aprire la scheda relativa alla privacy<\/li>\n<li>scegliere i cookie che si desidera deselezionare<\/li>\n<\/ul>\n<p>Per maggiori informazioni consultare i seguenti link: <a href=\"https:\/\/support.google.com\/chrome\/answer\/95647?hl=it&amp;p=cpn_cookies\">Google Chrome<\/a>, <a href=\"https:\/\/support.mozilla.org\/it\/kb\/Attivare%20e%20disattivare%20i%20cookie?redirectlocale=en-US&amp;redirectslug=Enabling+and+disabling+cookies\">Mozilla Firefox<\/a>,\u00a0<a href=\"https:\/\/support.apple.com\/kb\/PH19214?viewlocale=it_IT&amp;locale=en_US\">Apple Safari<\/a>,\u00a0<a href=\"http:\/\/windows.microsoft.com\/it-it\/windows-vista\/block-or-allow-cookies\">Microsoft Windows Explorer<\/a>.<\/p>\n<p>Inoltre, \u00e8 possibile attivare l\u2019opzione \u201cDo Not Track\u201d presente nella maggior parte dei browser di ultima generazione.<\/p>\n<p>La disabilitazione dei cookie \u201cterze parti\u201d non pregiudica in alcun modo la navigabilit\u00e0 di questo sito.[\/vc_column_text][\/vc_column][\/vc_row]<\/p>\n","protected":false},"excerpt":{"rendered":"<p>[vc_row][vc_column][vc_column_text]In osservanza di quanto previsto dalla normativa in materia di protezione dei dati personali, dal Provvedimento del Garante per la Protezione dei Dati Personali\u201cLinee guida sui cookie e altri strumenti di tracciamento\u201d del 10 giugno 2021 (pubblicato sulla Gazzetta Ufficiale n. 163 del 9 luglio 2021) nonch\u00e9 di quanto previsto dagli altri provvedimentirilevanti in materia,Logicompany &hellip;<\/p>\n","protected":false},"author":2,"featured_media":0,"parent":0,"menu_order":0,"comment_status":"closed","ping_status":"closed","template":"","meta":{"footnotes":""},"class_list":["post-488","page","type-page","status-publish","hentry"],"acf":[],"yoast_head":"<!-- This site is optimized with the Yoast SEO plugin v20.1 - https:\/\/yoast.com\/wordpress\/plugins\/seo\/ -->\n<title>Cookie - LC3 Trasporti<\/title>\n<meta name=\"robots\" content=\"index, follow, max-snippet:-1, max-image-preview:large, max-video-preview:-1\" \/>\n<link rel=\"canonical\" href=\"https:\/\/www.lc3trasporti.com\/it\/cookie\/\" \/>\n<meta property=\"og:locale\" content=\"it_IT\" \/>\n<meta property=\"og:type\" content=\"article\" \/>\n<meta property=\"og:title\" content=\"Cookie - LC3 Trasporti\" \/>\n<meta property=\"og:description\" content=\"[vc_row][vc_column][vc_column_text]In osservanza di quanto previsto dalla normativa in materia di protezione dei dati personali, dal Provvedimento del Garante per la Protezione dei Dati Personali\u201cLinee guida sui cookie e altri strumenti di tracciamento\u201d del 10 giugno 2021 (pubblicato sulla Gazzetta Ufficiale n. 163 del 9 luglio 2021) nonch\u00e9 di quanto previsto dagli altri provvedimentirilevanti in materia,Logicompany &hellip;\" \/>\n<meta property=\"og:url\" content=\"https:\/\/www.lc3trasporti.com\/it\/cookie\/\" \/>\n<meta property=\"og:site_name\" content=\"LC3 Trasporti\" \/>\n<meta property=\"article:modified_time\" content=\"2022-04-08T07:47:04+00:00\" \/>\n<meta name=\"twitter:card\" content=\"summary_large_image\" \/>\n<meta name=\"twitter:label1\" content=\"Tempo di lettura stimato\" \/>\n\t<meta name=\"twitter:data1\" content=\"9 minuti\" \/>\n<script type=\"application\/ld+json\" class=\"yoast-schema-graph\">{\"@context\":\"https:\/\/schema.org\",\"@graph\":[{\"@type\":\"WebPage\",\"@id\":\"https:\/\/www.lc3trasporti.com\/it\/cookie\/\",\"url\":\"https:\/\/www.lc3trasporti.com\/it\/cookie\/\",\"name\":\"Cookie - LC3 Trasporti\",\"isPartOf\":{\"@id\":\"https:\/\/www.lc3trasporti.com\/it\/#website\"},\"datePublished\":\"2016-02-18T14:58:48+00:00\",\"dateModified\":\"2022-04-08T07:47:04+00:00\",\"breadcrumb\":{\"@id\":\"https:\/\/www.lc3trasporti.com\/it\/cookie\/#breadcrumb\"},\"inLanguage\":\"it-IT\",\"potentialAction\":[{\"@type\":\"ReadAction\",\"target\":[\"https:\/\/www.lc3trasporti.com\/it\/cookie\/\"]}]},{\"@type\":\"BreadcrumbList\",\"@id\":\"https:\/\/www.lc3trasporti.com\/it\/cookie\/#breadcrumb\",\"itemListElement\":[{\"@type\":\"ListItem\",\"position\":1,\"name\":\"Home\",\"item\":\"https:\/\/www.lc3trasporti.com\/it\/\"},{\"@type\":\"ListItem\",\"position\":2,\"name\":\"Cookie\"}]},{\"@type\":\"WebSite\",\"@id\":\"https:\/\/www.lc3trasporti.com\/it\/#website\",\"url\":\"https:\/\/www.lc3trasporti.com\/it\/\",\"name\":\"LC3 Trasporti\",\"description\":\"International natural transport\",\"potentialAction\":[{\"@type\":\"SearchAction\",\"target\":{\"@type\":\"EntryPoint\",\"urlTemplate\":\"https:\/\/www.lc3trasporti.com\/it\/?s={search_term_string}\"},\"query-input\":\"required name=search_term_string\"}],\"inLanguage\":\"it-IT\"}]}<\/script>\n<!-- \/ Yoast SEO plugin. -->","yoast_head_json":{"title":"Cookie - LC3 Trasporti","robots":{"index":"index","follow":"follow","max-snippet":"max-snippet:-1","max-image-preview":"max-image-preview:large","max-video-preview":"max-video-preview:-1"},"canonical":"https:\/\/www.lc3trasporti.com\/it\/cookie\/","og_locale":"it_IT","og_type":"article","og_title":"Cookie - LC3 Trasporti","og_description":"[vc_row][vc_column][vc_column_text]In osservanza di quanto previsto dalla normativa in materia di protezione dei dati personali, dal Provvedimento del Garante per la Protezione dei Dati Personali\u201cLinee guida sui cookie e altri strumenti di tracciamento\u201d del 10 giugno 2021 (pubblicato sulla Gazzetta Ufficiale n. 163 del 9 luglio 2021) nonch\u00e9 di quanto previsto dagli altri provvedimentirilevanti in materia,Logicompany &hellip;","og_url":"https:\/\/www.lc3trasporti.com\/it\/cookie\/","og_site_name":"LC3 Trasporti","article_modified_time":"2022-04-08T07:47:04+00:00","twitter_card":"summary_large_image","twitter_misc":{"Tempo di lettura stimato":"9 minuti"},"schema":{"@context":"https:\/\/schema.org","@graph":[{"@type":"WebPage","@id":"https:\/\/www.lc3trasporti.com\/it\/cookie\/","url":"https:\/\/www.lc3trasporti.com\/it\/cookie\/","name":"Cookie - LC3 Trasporti","isPartOf":{"@id":"https:\/\/www.lc3trasporti.com\/it\/#website"},"datePublished":"2016-02-18T14:58:48+00:00","dateModified":"2022-04-08T07:47:04+00:00","breadcrumb":{"@id":"https:\/\/www.lc3trasporti.com\/it\/cookie\/#breadcrumb"},"inLanguage":"it-IT","potentialAction":[{"@type":"ReadAction","target":["https:\/\/www.lc3trasporti.com\/it\/cookie\/"]}]},{"@type":"BreadcrumbList","@id":"https:\/\/www.lc3trasporti.com\/it\/cookie\/#breadcrumb","itemListElement":[{"@type":"ListItem","position":1,"name":"Home","item":"https:\/\/www.lc3trasporti.com\/it\/"},{"@type":"ListItem","position":2,"name":"Cookie"}]},{"@type":"WebSite","@id":"https:\/\/www.lc3trasporti.com\/it\/#website","url":"https:\/\/www.lc3trasporti.com\/it\/","name":"LC3 Trasporti","description":"International natural transport","potentialAction":[{"@type":"SearchAction","target":{"@type":"EntryPoint","urlTemplate":"https:\/\/www.lc3trasporti.com\/it\/?s={search_term_string}"},"query-input":"required name=search_term_string"}],"inLanguage":"it-IT"}]}},"_links":{"self":[{"href":"https:\/\/www.lc3trasporti.com\/it\/wp-json\/wp\/v2\/pages\/488","targetHints":{"allow":["GET"]}}],"collection":[{"href":"https:\/\/www.lc3trasporti.com\/it\/wp-json\/wp\/v2\/pages"}],"about":[{"href":"https:\/\/www.lc3trasporti.com\/it\/wp-json\/wp\/v2\/types\/page"}],"author":[{"embeddable":true,"href":"https:\/\/www.lc3trasporti.com\/it\/wp-json\/wp\/v2\/users\/2"}],"replies":[{"embeddable":true,"href":"https:\/\/www.lc3trasporti.com\/it\/wp-json\/wp\/v2\/comments?post=488"}],"version-history":[{"count":18,"href":"https:\/\/www.lc3trasporti.com\/it\/wp-json\/wp\/v2\/pages\/488\/revisions"}],"predecessor-version":[{"id":4571,"href":"https:\/\/www.lc3trasporti.com\/it\/wp-json\/wp\/v2\/pages\/488\/revisions\/4571"}],"wp:attachment":[{"href":"https:\/\/www.lc3trasporti.com\/it\/wp-json\/wp\/v2\/media?parent=488"}],"curies":[{"name":"wp","href":"https:\/\/api.w.org\/{rel}","templated":true}]}}