{"id":593,"date":"2016-02-19T09:53:41","date_gmt":"2016-02-19T08:53:41","guid":{"rendered":"http:\/\/www.lc3trasporti.com\/it\/?page_id=593"},"modified":"2016-02-19T10:00:04","modified_gmt":"2016-02-19T09:00:04","slug":"dual-fuel","status":"publish","type":"page","link":"https:\/\/www.lc3trasporti.com\/it\/dual-fuel\/","title":{"rendered":"Dual fuel"},"content":{"rendered":"<p>[vc_row][vc_column][vc_column_text]<\/p>\n<p style=\"text-align: justify;\">Nel 2004, con i primi forti segnali di crisi del mondo petrolifero e gli accordi antinquinamento che si registrano sull\u2019area Europea, la direzione LC3 si impegna nel cercare soluzioni alternative al gasolio che consumino meno aria e meno carburante. Li nasce la partnership con Iveco per i nuovi veicoli tutto gas metano (LNG) e con altri partner internazionali per le trasformazioni Dualfuel (LNG\/ Gasolio) delle flotte esistenti. Ad oggi LC3 \u00e8 in grado di individuare, a seconda della tipologia di trasporto (pesante, pianura, etc.) qual\u2019\u00e8 il veicolo pi\u00f9 adatto tra quelli 100% metano liquido e quelli dualfuel.<\/p>\n<p style=\"text-align: justify;\">Nel 2011 la necessit\u00e0 di creare infrastrutture (distributori) per il trasporto a basso impatto ambientale (LNG) fa incontrare LC3 con la regione Lombardia facendo cos\u00ec nascere l\u2019idea della creazione di un impianto di distribuzione del LNG per flotte aziendali nella zona di Lodi. Nel 2012 nasce la collaborazione con ENI, che insieme ai fornitori di tecnologia per LNG-CNG da noi selezionati, subentra al progetto LC3-Regione Lombardia su Lodi per realizzare a Piacenza un impianto LNG-CNG pubblico che a oggi \u00e8 il primo in Europa e sar\u00e0 inserito e replicato nel corridoio Blu individuato dalla Comunit\u00e0 Europea.\u00a0Con i nostri Partner stiamo creando una rete di officine specializzate nella trasformazione, assistenza e manutenzione dei motori a LNG-CNG. Formando tecnici specializzati al servizio delle flotte aziendali che scelgono la strada del non consumo d\u2019aria.\u00a0Operando giornalmente nelle aree urbane e sub urbane, con la propria flotta, per aziende leader della grande distribuzione ci siamo accorti del problema del consumo di aria e questo ci ha portato a incontrare aziende come Ikea che hanno a cuore lo stesso problema.<\/p>\n<p style=\"text-align: justify;\"><img loading=\"lazy\" decoding=\"async\" class=\"wp-image-595 aligncenter\" src=\"https:\/\/www.lc3trasporti.com\/it\/wp-content\/uploads\/2016\/02\/co2ita1-300x196.png\" alt=\"co2ita1\" width=\"500\" height=\"326\" srcset=\"https:\/\/www.lc3trasporti.com\/it\/wp-content\/uploads\/2016\/02\/co2ita1-300x196.png 300w, https:\/\/www.lc3trasporti.com\/it\/wp-content\/uploads\/2016\/02\/co2ita1-768x501.png 768w, https:\/\/www.lc3trasporti.com\/it\/wp-content\/uploads\/2016\/02\/co2ita1-1024x668.png 1024w, https:\/\/www.lc3trasporti.com\/it\/wp-content\/uploads\/2016\/02\/co2ita1.png 1049w\" sizes=\"auto, (max-width: 500px) 100vw, 500px\" \/><\/p>\n<p>[\/vc_column_text][\/vc_column][\/vc_row]<\/p>\n","protected":false},"excerpt":{"rendered":"<p>[vc_row][vc_column][vc_column_text] Nel 2004, con i primi forti segnali di crisi del mondo petrolifero e gli accordi antinquinamento che si registrano sull\u2019area Europea, la direzione LC3 si impegna nel cercare soluzioni alternative al gasolio che consumino meno aria e meno carburante. Li nasce la partnership con Iveco per i nuovi veicoli tutto gas metano (LNG) e &hellip;<\/p>\n","protected":false},"author":2,"featured_media":0,"parent":0,"menu_order":0,"comment_status":"closed","ping_status":"closed","template":"","meta":{"footnotes":""},"class_list":["post-593","page","type-page","status-publish","hentry"],"acf":[],"yoast_head":"<!-- This site is optimized with the Yoast SEO plugin v20.1 - https:\/\/yoast.com\/wordpress\/plugins\/seo\/ -->\n<title>Dual fuel - LC3 Trasporti<\/title>\n<meta name=\"robots\" content=\"index, follow, max-snippet:-1, max-image-preview:large, max-video-preview:-1\" \/>\n<link rel=\"canonical\" href=\"https:\/\/www.lc3trasporti.com\/it\/dual-fuel\/\" \/>\n<meta property=\"og:locale\" content=\"it_IT\" \/>\n<meta property=\"og:type\" content=\"article\" \/>\n<meta property=\"og:title\" content=\"Dual fuel - LC3 Trasporti\" \/>\n<meta property=\"og:description\" content=\"[vc_row][vc_column][vc_column_text] Nel 2004, con i primi forti segnali di crisi del mondo petrolifero e gli accordi antinquinamento che si registrano sull\u2019area Europea, la direzione LC3 si impegna nel cercare soluzioni alternative al gasolio che consumino meno aria e meno carburante. Li nasce la partnership con Iveco per i nuovi veicoli tutto gas metano (LNG) e &hellip;\" \/>\n<meta property=\"og:url\" content=\"https:\/\/www.lc3trasporti.com\/it\/dual-fuel\/\" \/>\n<meta property=\"og:site_name\" content=\"LC3 Trasporti\" \/>\n<meta property=\"article:modified_time\" content=\"2016-02-19T09:00:04+00:00\" \/>\n<meta property=\"og:image\" content=\"https:\/\/www.lc3trasporti.com\/it\/wp-content\/uploads\/2016\/02\/co2ita1-300x196.png\" \/>\n<meta name=\"twitter:card\" content=\"summary_large_image\" \/>\n<meta name=\"twitter:label1\" content=\"Tempo di lettura stimato\" \/>\n\t<meta name=\"twitter:data1\" content=\"1 minuto\" \/>\n<script type=\"application\/ld+json\" class=\"yoast-schema-graph\">{\"@context\":\"https:\/\/schema.org\",\"@graph\":[{\"@type\":\"WebPage\",\"@id\":\"https:\/\/www.lc3trasporti.com\/it\/dual-fuel\/\",\"url\":\"https:\/\/www.lc3trasporti.com\/it\/dual-fuel\/\",\"name\":\"Dual fuel - LC3 Trasporti\",\"isPartOf\":{\"@id\":\"https:\/\/www.lc3trasporti.com\/it\/#website\"},\"datePublished\":\"2016-02-19T08:53:41+00:00\",\"dateModified\":\"2016-02-19T09:00:04+00:00\",\"breadcrumb\":{\"@id\":\"https:\/\/www.lc3trasporti.com\/it\/dual-fuel\/#breadcrumb\"},\"inLanguage\":\"it-IT\",\"potentialAction\":[{\"@type\":\"ReadAction\",\"target\":[\"https:\/\/www.lc3trasporti.com\/it\/dual-fuel\/\"]}]},{\"@type\":\"BreadcrumbList\",\"@id\":\"https:\/\/www.lc3trasporti.com\/it\/dual-fuel\/#breadcrumb\",\"itemListElement\":[{\"@type\":\"ListItem\",\"position\":1,\"name\":\"Home\",\"item\":\"https:\/\/www.lc3trasporti.com\/it\/\"},{\"@type\":\"ListItem\",\"position\":2,\"name\":\"Dual fuel\"}]},{\"@type\":\"WebSite\",\"@id\":\"https:\/\/www.lc3trasporti.com\/it\/#website\",\"url\":\"https:\/\/www.lc3trasporti.com\/it\/\",\"name\":\"LC3 Trasporti\",\"description\":\"International natural transport\",\"potentialAction\":[{\"@type\":\"SearchAction\",\"target\":{\"@type\":\"EntryPoint\",\"urlTemplate\":\"https:\/\/www.lc3trasporti.com\/it\/?s={search_term_string}\"},\"query-input\":\"required name=search_term_string\"}],\"inLanguage\":\"it-IT\"}]}<\/script>\n<!-- \/ Yoast SEO plugin. -->","yoast_head_json":{"title":"Dual fuel - LC3 Trasporti","robots":{"index":"index","follow":"follow","max-snippet":"max-snippet:-1","max-image-preview":"max-image-preview:large","max-video-preview":"max-video-preview:-1"},"canonical":"https:\/\/www.lc3trasporti.com\/it\/dual-fuel\/","og_locale":"it_IT","og_type":"article","og_title":"Dual fuel - LC3 Trasporti","og_description":"[vc_row][vc_column][vc_column_text] Nel 2004, con i primi forti segnali di crisi del mondo petrolifero e gli accordi antinquinamento che si registrano sull\u2019area Europea, la direzione LC3 si impegna nel cercare soluzioni alternative al gasolio che consumino meno aria e meno carburante. Li nasce la partnership con Iveco per i nuovi veicoli tutto gas metano (LNG) e &hellip;","og_url":"https:\/\/www.lc3trasporti.com\/it\/dual-fuel\/","og_site_name":"LC3 Trasporti","article_modified_time":"2016-02-19T09:00:04+00:00","og_image":[{"url":"https:\/\/www.lc3trasporti.com\/it\/wp-content\/uploads\/2016\/02\/co2ita1-300x196.png"}],"twitter_card":"summary_large_image","twitter_misc":{"Tempo di lettura stimato":"1 minuto"},"schema":{"@context":"https:\/\/schema.org","@graph":[{"@type":"WebPage","@id":"https:\/\/www.lc3trasporti.com\/it\/dual-fuel\/","url":"https:\/\/www.lc3trasporti.com\/it\/dual-fuel\/","name":"Dual fuel - LC3 Trasporti","isPartOf":{"@id":"https:\/\/www.lc3trasporti.com\/it\/#website"},"datePublished":"2016-02-19T08:53:41+00:00","dateModified":"2016-02-19T09:00:04+00:00","breadcrumb":{"@id":"https:\/\/www.lc3trasporti.com\/it\/dual-fuel\/#breadcrumb"},"inLanguage":"it-IT","potentialAction":[{"@type":"ReadAction","target":["https:\/\/www.lc3trasporti.com\/it\/dual-fuel\/"]}]},{"@type":"BreadcrumbList","@id":"https:\/\/www.lc3trasporti.com\/it\/dual-fuel\/#breadcrumb","itemListElement":[{"@type":"ListItem","position":1,"name":"Home","item":"https:\/\/www.lc3trasporti.com\/it\/"},{"@type":"ListItem","position":2,"name":"Dual fuel"}]},{"@type":"WebSite","@id":"https:\/\/www.lc3trasporti.com\/it\/#website","url":"https:\/\/www.lc3trasporti.com\/it\/","name":"LC3 Trasporti","description":"International natural transport","potentialAction":[{"@type":"SearchAction","target":{"@type":"EntryPoint","urlTemplate":"https:\/\/www.lc3trasporti.com\/it\/?s={search_term_string}"},"query-input":"required name=search_term_string"}],"inLanguage":"it-IT"}]}},"_links":{"self":[{"href":"https:\/\/www.lc3trasporti.com\/it\/wp-json\/wp\/v2\/pages\/593","targetHints":{"allow":["GET"]}}],"collection":[{"href":"https:\/\/www.lc3trasporti.com\/it\/wp-json\/wp\/v2\/pages"}],"about":[{"href":"https:\/\/www.lc3trasporti.com\/it\/wp-json\/wp\/v2\/types\/page"}],"author":[{"embeddable":true,"href":"https:\/\/www.lc3trasporti.com\/it\/wp-json\/wp\/v2\/users\/2"}],"replies":[{"embeddable":true,"href":"https:\/\/www.lc3trasporti.com\/it\/wp-json\/wp\/v2\/comments?post=593"}],"version-history":[{"count":3,"href":"https:\/\/www.lc3trasporti.com\/it\/wp-json\/wp\/v2\/pages\/593\/revisions"}],"predecessor-version":[{"id":599,"href":"https:\/\/www.lc3trasporti.com\/it\/wp-json\/wp\/v2\/pages\/593\/revisions\/599"}],"wp:attachment":[{"href":"https:\/\/www.lc3trasporti.com\/it\/wp-json\/wp\/v2\/media?parent=593"}],"curies":[{"name":"wp","href":"https:\/\/api.w.org\/{rel}","templated":true}]}}