{"id":602,"date":"2016-02-19T19:14:12","date_gmt":"2016-02-19T18:14:12","guid":{"rendered":"http:\/\/www.lc3trasporti.com\/it\/?page_id=602"},"modified":"2022-02-23T18:32:16","modified_gmt":"2022-02-23T17:32:16","slug":"privacy-policy","status":"publish","type":"page","link":"https:\/\/www.lc3trasporti.com\/it\/privacy-policy\/","title":{"rendered":"Privacy &#038; Policy"},"content":{"rendered":"<p>[vc_row][vc_column][vc_column_text]<strong>LOGICOMPANY 3 S.R.L. <\/strong>con sede legale sita in Gubbio (PG) Via Tifernate 204, in qualit\u00e0 di Titolare del Trattamento protegge i dati personali conferiti dagli Interessati durante la navigazione e l\u2019utilizzo del sito <strong>http:\/\/www.lc3trasporti.com\/it\/<\/strong>assicurandone la riservatezza e garantendo il rispetto della normativa in vigore nonch\u00e9 il necessario livello di protezione, da ogni accadimento che possa metterli a rischio di violazione.<\/p>\n<p>Come richiesto dall\u2019art. 13 del Regolamento Generale sulla Protezione dei Dati Personali dell\u2019Unione Europea (GDPR), prima di procedere al trattamento, l\u2019utente del sito internet<strong>http:\/\/www.lc3trasporti.com\/it\/<\/strong>, (di seguito anche \u201cInteressato\u201d) \u00e8 informato che i suoi dati personali, raccolti attraverso il sito web, sono oggetto di trattamento da parte del Titolare del Trattamento come sopra generalizzato, attraverso strumenti informatici e\/o telematici, per le finalit\u00e0 indicate di seguito nella presente informativa.<\/p>\n<p>&nbsp;<\/p>\n<ol>\n<li><strong><u>Tipologia di dati personali oggetto di trattamento<\/u><\/strong><\/li>\n<\/ol>\n<p>I sistemi informatici e le procedure software preposte al funzionamento di questo sito acquisiscono, nel corso del loro normale esercizio, alcuni dati personali la cui trasmissione \u00e8 implicita nell&#8217;uso dei protocolli di comunicazione di Internet.<\/p>\n<p>Potranno, di conseguenza, essere oggetto di trattamento, a titolo esemplificativo, i seguenti dati personali dell\u2019Interessato<\/p>\n<ul>\n<li><em><strong>dati di navigazione:<\/strong><\/em>in questa categoria di dati rientrano gli indirizzi IP o i nomi a dominio dei computer e dei terminali utilizzati dagli utenti, gli indirizzi in notazione URI\/URL (Uniform Resource Identifier\/Locator) delle risorse richieste, l&#8217;orario della richiesta, il metodo utilizzato nel sottoporre la richiesta al server, la dimensione del file ottenuto in risposta, il codice numerico indicante lo stato della risposta data dal server (buon fine, errore, ecc.) ed altri parametri relativi al sistema operativo e all&#8217;ambiente informatico dell&#8217;utente.Tali dati, necessari per la fruizione dei servizi web, vengono anche trattati allo scopo di:ottenere informazioni statistiche sull&#8217;uso dei servizi (pagine pi\u00f9 visitate, numero di visitatori per fascia oraria o giornaliera, aree geografiche di provenienza, ecc.);controllare il corretto funzionamento dei servizi offerti.<\/li>\n<li><em><strong>dati comunicati dall&#8217;utente<\/strong><\/em><em>: come ad esempio i dati personali conferiti attraverso il form per la richiesta di \u201cpreventivo gratuito\u201d e nel form \u201cContatti\u201d del presente sito.<\/em><\/li>\n<\/ul>\n<p>L&#8217;invio facoltativo di tali richieste\u00a0 attraverso la compilazione e l&#8217;inoltro dei moduli presenti sul sito comporta l&#8217;acquisizione dei seguenti dati personali: nome cognome indirizzo e-mail, numero di telefono.Tali dati personali sono necessari alla risposta nonch\u00e9 di tutti i dati personali inclusi nelle comunicazioni medesime;<\/p>\n<ul>\n<li><em><strong>cookie e altri sistemi di tracciamento: <\/strong><\/em><em>per il dettaglio dei cookie utilizzati dal presente sito si rimanda alla cookie policy estesa reperibile al seguente link <\/em><strong>http:\/\/www.lc3trasporti.com\/it<\/strong><\/li>\n<\/ul>\n<ol start=\"2\">\n<li><strong><u>Finalit\u00e0 e base giuridica del trattamentogdp<\/u><\/strong><\/li>\n<\/ol>\n<p><strong><u>\u00a0<\/u><\/strong><\/p>\n<p>I Suoi dati personali saranno trattati per le seguenti finalit\u00e0:<\/p>\n<p>consentire la fruizione e l\u2019utilizzo del presente sito internet, nonch\u00e9 per effettuare la manutenzione e l\u2019assistenza tecnica necessarie al suo corretto funzionamento.<\/p>\n<p><strong><u>\u00a0<\/u><\/strong><\/p>\n<ol start=\"3\">\n<li><strong><u>Modalit\u00e0 di Trattamento<\/u><\/strong><\/li>\n<\/ol>\n<p>I dati personali oggetto di trattamento vengono raccolti direttamente dal Titolare del Trattamento o da soggetti terzi da questi espressamente autorizzati, ovvero comunicati dal Titolare del Trattamento a tali soggetti terzi per il perseguimento delle finalit\u00e0 di cui al punto n\u00b02.<\/p>\n<p>Il trattamento dei dati personali sar\u00e0 effettuato principalmente con l\u2019ausilio di strumenti informatici da parte di soggetti interni ed esterni alla compagine del Titolare del Trattamento all\u2019uopo opportunamente autorizzati e istruiti secondo le modalit\u00e0 e con i mezzi idonei a garantire la sicurezza e la riservatezza dei dati stessi, in conformit\u00e0 a quanto previsto dal GDPR.<\/p>\n<p>Il Titolare del Trattamento svolge periodicamente verifiche, affinch\u00e9 non siano trattati, raccolti, archiviati o conservati dati personali non necessari rispetto ai trattamenti ed alle relative finalit\u00e0 cos\u00ec come indicate al punto n\u00b02 della presente informativa.<\/p>\n<p>&nbsp;<\/p>\n<ol start=\"4\">\n<li><strong><u>Destinatari dei dati personali<\/u><\/strong><\/li>\n<\/ol>\n<p>I dati personali trattati per le finalit\u00e0 di cui al punto n\u00b02 della presente informativa potranno essere comunicati:<\/p>\n<ul>\n<li>a soggetti interni della compagine del Titolare del Trattamento opportunamente autorizzati per le parti di trattamento di rispettiva competenza<\/li>\n<li>a soggetti esterni come:<\/li>\n<\/ul>\n<p>&nbsp;<\/p>\n<ul>\n<li>societ\u00e0 dell\u2019informazione e di assistenza informatica;<\/li>\n<li>fornitori di infrastrutture e soluzioni informatiche;<\/li>\n<li>fornitori di servizi web;<\/li>\n<li>consulenti, nei limiti necessari allo svolgimento del proprio incarico professionale.<\/li>\n<\/ul>\n<p>La comunicazione riguarda le categorie di dati personali la cui trasmissione ai terzi soprarichiamati sia necessaria per lo svolgimento delle attivit\u00e0 e per le finalit\u00e0 di cui alla presente informativa.<\/p>\n<p>L\u2019elenco aggiornato dei Responsabili Esterni e dei soggetti autorizzati al trattamento \u00e8 custodito presso la sede del Titolare del Trattamento e si trova a disposizione dell\u2019Interessato, previa richiesta da effettuare tramite e-mail all\u2019indirizzo\u00a0<strong>gdpr.lc3@lc3trasporti.com<\/strong>.<\/p>\n<p>Per il trattamento in questione non \u00e8 necessario il consenso dell\u2019Interessato in quanto lo stesso avviene per l\u2019esecuzione di obblighi derivanti dalla richiesta dell\u2019Interessato stesso.<\/p>\n<p>In nessun caso i dati personali che La riguardano saranno comunicati ad altre categorie di soggetti terzi (oltre a quelli sopramenzionati) e non saranno oggetto di operazioni di diffusione.<\/p>\n<p>&nbsp;<\/p>\n<ol start=\"5\">\n<li><strong><u>Trasferimento extra UE\/SSE<\/u><\/strong><\/li>\n<\/ol>\n<p>Il Titolare del Trattamento non effettua alcun trasferimento dei dati personali dell\u2019Interessato all\u2019estero (da intendersi per estero tutti i paesi non appartenenti allo Spazio Economico Europeo).<\/p>\n<p>La gestione e la conservazione dei dati personali avverr\u00e0 su server del Titolare del Trattamento e\/o di societ\u00e0 terze debitamente nominate quali Responsabili Esterni del Trattamento, ubicati all\u2019interno dell\u2019Unione Europea.<\/p>\n<p>&nbsp;<\/p>\n<ol start=\"6\">\n<li><strong><u>Periodo di conservazione\/Data Retention<\/u><\/strong><\/li>\n<\/ol>\n<p>I dati personali che La riguardano saranno trattati dal Titolare del Trattamento per tutta la durata del rapporto intercorrente con lo stesso e per il tempo necessario al conseguimento delle finalit\u00e0 per le quali sono stati raccolti di cui al punto n\u00b02 della presente informativa.<\/p>\n<p>Al raggiungimento dei termini sopraindicati il Titolare del Trattamento provveder\u00e0 alla cancellazione dei dati che La riguardano.<\/p>\n<p>Potranno essere applicati termini di conservazione pi\u00f9 lunghi in presenza di specifici obblighi di legge o nel caso in cui al Titolare del Trattamento siano fatte pervenire istanze da Autorit\u00e0 pubbliche o per ulteriori esigenze di tutela dei diritti del Titolare del Trattamento stesso o dell\u2019 Interessato.<\/p>\n<p>&nbsp;<\/p>\n<ol start=\"7\">\n<li><strong><u>Diritti dell\u2019 Interessato<\/u><\/strong><\/li>\n<\/ol>\n<p>Ai sensi del Reg. UE 2016\/679 l\u2019 Interessato ha diritto di:<\/p>\n<ul>\n<li>ottenere conferma del trattamento effettuato dal Titolare del Trattamento sui dati personali che lo riguardano;<\/li>\n<li>accedere ai propri dati personali e conoscerne l\u2019origine (quando i dati non sono ottenuti direttamente dall\u2019Interessato), le finalit\u00e0 del trattamento, i dati dei soggetti a cui essi sono comunicati (destinatari), il periodo di conservazione dei dati o in mancanza i criteri utili per determinarlo;<\/li>\n<li>ottenere la rettifica dei propri dati personali;<\/li>\n<li>ottenere la cancellazione dei propri dati personali dalle banche dati del Titolare del Trattamento nel caso in cui non siano pi\u00f9 necessari per le finalit\u00e0 per le quali siano stati raccolti o se il trattamento sia illecito e negli altri casi di cui all\u2019art. 17 GDPR;<\/li>\n<li>limitare il trattamento dei propri dati personali, ad esempio, laddove ne venga contestata l\u2019esattezza, per il periodo necessario al Titolare del Trattamento per verificarne l\u2019esattezza e in tutti gli altri casi di cui all\u2019art. 18 GDPR;<\/li>\n<li>ottenere i propri dati personali in formato elettronico, anche al fine di poterli comunicare ad altro Titolare del Trattamento (portabilit\u00e0).<\/li>\n<\/ul>\n<p>L\u2019Interessato potr\u00e0 far valere i propri diritti rivolgendosi al Titolare del Trattamento mediante comunicazione scritta all\u2019indirizzo<a href=\"mailto:gdpr.lc3@lc3trasporti.com\"><strong>gdpr.lc3@lc3trasporti.com<\/strong><\/a>.<\/p>\n<p>Il Titolare del Trattamento dovr\u00e0 procedere in tal senso senza ritardo e, comunque, al pi\u00f9 tardi entro un mese dal ricevimento della richiesta. Il termine pu\u00f2 essere prorogato di due mesi, e in tal caso il Titolare del Trattamento provveder\u00e0, sempre entro trenta giorni, a informare l\u2019Interessato circa i motivi che rendono necessaria la proroga.<\/p>\n<p>&nbsp;<\/p>\n<ol start=\"8\">\n<li><strong><u>Reclamo<\/u><\/strong><\/li>\n<\/ol>\n<p>L\u2019Interessato ha il diritto di presentare un reclamo all\u2019Autorit\u00e0 Garante per la Protezione dei Dati Personali.<\/p>\n<p>Nel caso in cui l\u2019Interessato risieda in uno stato membro diverso o la violazione della normativa a tutela dei dati personali avvenga in un altro paese dell\u2019UE rispetto a quello dove ha sede il Titolare del Trattamento, l\u2019Interessato dovr\u00e0 proporre reclamo all\u2019Autorit\u00e0 deputata al controllo del rispetto della normativa sulla protezione dei dati personali del suddetto paese.<\/p>\n<p>La proposizione del reclamo fa salva per l\u2019Interessato la possibilit\u00e0 di proporre ogni altra azione giudiziaria.<\/p>\n<p>&nbsp;<\/p>\n<ol start=\"9\">\n<li><strong><u>9. Modifiche alla presente informativa<\/u><\/strong><\/li>\n<\/ol>\n<p>Il Titolare del Trattamento si riserva il diritto di apportare modifiche alla presente Privacy Policy in qualunque momento dandone pubblicit\u00e0 agli utenti sul sito <strong>http:\/\/www.lc3trasporti.com\/it\/<\/strong>. Si prega dunque di consultare spesso questa pagina, prendendo come riferimento la data di ultima modifica indicata al termine del documento. Nel caso di mancata accettazione delle modifiche apportate alla presente Privacy Policy, l\u2019Interessato pu\u00f2 richiedere al Titolare del Trattamento di cancellare i propri dati personali. Salvo quanto diversamente specificato, la precedente Privacy Policy continuer\u00e0 ad applicarsi ai dati personali sino a quel momento raccolti[\/vc_column_text][\/vc_column][\/vc_row][vc_row][vc_column][vc_column_text]<span style=\"color: #ffffff;\">.<a id=\"informative\" style=\"color: #ffffff;\"><\/a><\/span>[\/vc_column_text][vc_column_text css=&#8221;.vc_custom_1564133190941{padding-bottom: 20px !important;}&#8221;]<\/p>\n<h1 style=\"text-align: center;\">INFORMATIVE PRIVACY<\/h1>\n<p>[\/vc_column_text][\/vc_column][\/vc_row][vc_row][vc_column width=&#8221;1\/3&#8243; css=&#8221;.vc_custom_1550498373848{padding-bottom: 30px !important;}&#8221;]<div class=\"widget widget-icon-box\">\n\n\t\t<a class=\"icon-box\" href=\"https:\/\/www.lc3trasporti.com\/it\/wp-content\/uploads\/2019\/07\/20190207-LC-3-INF-REV-CLIENTI-COMPLETA-1.pdf\" target=\"_blank\">\n\n\t\t<i class=\"fa  fa-file-pdf-o\"><\/i>\n\t\t<h4 class=\"icon-box__title\">INFORMATIVA CLIENTI<\/h4>\n\t\t<span class=\"icon-box__subtitle\"><\/span>\n\n\t\t<\/a>\n\n<\/div>[\/vc_column][vc_column width=&#8221;1\/3&#8243; css=&#8221;.vc_custom_1550498378608{padding-bottom: 30px !important;}&#8221;]<div class=\"widget widget-icon-box\">\n\n\t\t<a class=\"icon-box\" href=\"https:\/\/www.lc3trasporti.com\/it\/wp-content\/uploads\/2019\/07\/20190207-LC-3-INF-REV-CLIENTI-POTENZIALI-COMPLETA-1.pdf\" target=\"_blank\">\n\n\t\t<i class=\"fa  fa-file-pdf-o\"><\/i>\n\t\t<h4 class=\"icon-box__title\">INFORMATIVA CLIENTI POTENZIALI<\/h4>\n\t\t<span class=\"icon-box__subtitle\"><\/span>\n\n\t\t<\/a>\n\n<\/div>[\/vc_column][vc_column width=&#8221;1\/3&#8243; css=&#8221;.vc_custom_1550498382912{padding-bottom: 30px !important;}&#8221;]<div class=\"widget widget-icon-box\">\n\n\t\t<a class=\"icon-box\" href=\"https:\/\/www.lc3trasporti.com\/it\/wp-content\/uploads\/2019\/07\/20190207-LC-3-INF-REV-DIPENDENTI-ESS-COMPLETA-1.pdf\" target=\"_blank\">\n\n\t\t<i class=\"fa  fa-file-pdf-o\"><\/i>\n\t\t<h4 class=\"icon-box__title\">INFORMATIVA DIPENDENTI<\/h4>\n\t\t<span class=\"icon-box__subtitle\"><\/span>\n\n\t\t<\/a>\n\n<\/div>[\/vc_column][\/vc_row][vc_row][vc_column width=&#8221;1\/3&#8243; css=&#8221;.vc_custom_1550498373848{padding-bottom: 30px !important;}&#8221;]<div class=\"widget widget-icon-box\">\n\n\t\t<a class=\"icon-box\" href=\"https:\/\/www.lc3trasporti.com\/it\/wp-content\/uploads\/2019\/07\/20190207-LC-3-INF-REV-RICHIEDENTI-IMPIEGO-1.pdf\" target=\"_blank\">\n\n\t\t<i class=\"fa  fa-file-pdf-o\"><\/i>\n\t\t<h4 class=\"icon-box__title\">INFORMATIVA RICHIEDENTI IMPIEGO<\/h4>\n\t\t<span class=\"icon-box__subtitle\"><\/span>\n\n\t\t<\/a>\n\n<\/div>[\/vc_column][vc_column width=&#8221;1\/3&#8243; css=&#8221;.vc_custom_1550498378608{padding-bottom: 30px !important;}&#8221;]<div class=\"widget widget-icon-box\">\n\n\t\t<a class=\"icon-box\" href=\"https:\/\/www.lc3trasporti.com\/it\/wp-content\/uploads\/2019\/07\/20190207-LC-3-INF-REV-FORNITORI-ESS-COMPLETA-1.pdf\" target=\"_blank\">\n\n\t\t<i class=\"fa  fa-file-pdf-o\"><\/i>\n\t\t<h4 class=\"icon-box__title\">INFORMATIVA FORNITORI<\/h4>\n\t\t<span class=\"icon-box__subtitle\"><\/span>\n\n\t\t<\/a>\n\n<\/div>[\/vc_column][vc_column width=&#8221;1\/3&#8243; css=&#8221;.vc_custom_1550498382912{padding-bottom: 30px !important;}&#8221;]<div class=\"widget widget-icon-box\">\n\n\t\t<a class=\"icon-box\" href=\"https:\/\/www.lc3trasporti.com\/it\/wp-content\/uploads\/2019\/11\/INFORMATIVA-CONTATTI-LC-3-1.pdf\" target=\"_blank\">\n\n\t\t<i class=\"fa  fa-file-pdf-o\"><\/i>\n\t\t<h4 class=\"icon-box__title\">INFORMATIVA CONTATTI<\/h4>\n\t\t<span class=\"icon-box__subtitle\"><\/span>\n\n\t\t<\/a>\n\n<\/div>[\/vc_column][\/vc_row][vc_row][vc_column][vc_empty_space height=&#8221;300px&#8221;][\/vc_column][\/vc_row]<\/p>\n","protected":false},"excerpt":{"rendered":"<p>[vc_row][vc_column][vc_column_text]LOGICOMPANY 3 S.R.L. con sede legale sita in Gubbio (PG) Via Tifernate 204, in qualit\u00e0 di Titolare del Trattamento protegge i dati personali conferiti dagli Interessati durante la navigazione e l\u2019utilizzo del sito http:\/\/www.lc3trasporti.com\/it\/assicurandone la riservatezza e garantendo il rispetto della normativa in vigore nonch\u00e9 il necessario livello di protezione, da ogni accadimento che possa &hellip;<\/p>\n","protected":false},"author":2,"featured_media":0,"parent":0,"menu_order":0,"comment_status":"closed","ping_status":"closed","template":"","meta":{"footnotes":""},"class_list":["post-602","page","type-page","status-publish","hentry"],"acf":[],"yoast_head":"<!-- This site is optimized with the Yoast SEO plugin v20.1 - https:\/\/yoast.com\/wordpress\/plugins\/seo\/ -->\n<title>Privacy &amp; Policy - LC3 Trasporti<\/title>\n<meta name=\"robots\" content=\"index, follow, max-snippet:-1, max-image-preview:large, max-video-preview:-1\" \/>\n<link rel=\"canonical\" href=\"https:\/\/www.lc3trasporti.com\/it\/privacy-policy\/\" \/>\n<meta property=\"og:locale\" content=\"it_IT\" \/>\n<meta property=\"og:type\" content=\"article\" \/>\n<meta property=\"og:title\" content=\"Privacy &amp; Policy - LC3 Trasporti\" \/>\n<meta property=\"og:description\" content=\"[vc_row][vc_column][vc_column_text]LOGICOMPANY 3 S.R.L. con sede legale sita in Gubbio (PG) Via Tifernate 204, in qualit\u00e0 di Titolare del Trattamento protegge i dati personali conferiti dagli Interessati durante la navigazione e l\u2019utilizzo del sito http:\/\/www.lc3trasporti.com\/it\/assicurandone la riservatezza e garantendo il rispetto della normativa in vigore nonch\u00e9 il necessario livello di protezione, da ogni accadimento che possa &hellip;\" \/>\n<meta property=\"og:url\" content=\"https:\/\/www.lc3trasporti.com\/it\/privacy-policy\/\" \/>\n<meta property=\"og:site_name\" content=\"LC3 Trasporti\" \/>\n<meta property=\"article:modified_time\" content=\"2022-02-23T17:32:16+00:00\" \/>\n<meta name=\"twitter:card\" content=\"summary_large_image\" \/>\n<meta name=\"twitter:label1\" content=\"Tempo di lettura stimato\" \/>\n\t<meta name=\"twitter:data1\" content=\"7 minuti\" \/>\n<script type=\"application\/ld+json\" class=\"yoast-schema-graph\">{\"@context\":\"https:\/\/schema.org\",\"@graph\":[{\"@type\":\"WebPage\",\"@id\":\"https:\/\/www.lc3trasporti.com\/it\/privacy-policy\/\",\"url\":\"https:\/\/www.lc3trasporti.com\/it\/privacy-policy\/\",\"name\":\"Privacy & Policy - LC3 Trasporti\",\"isPartOf\":{\"@id\":\"https:\/\/www.lc3trasporti.com\/it\/#website\"},\"datePublished\":\"2016-02-19T18:14:12+00:00\",\"dateModified\":\"2022-02-23T17:32:16+00:00\",\"breadcrumb\":{\"@id\":\"https:\/\/www.lc3trasporti.com\/it\/privacy-policy\/#breadcrumb\"},\"inLanguage\":\"it-IT\",\"potentialAction\":[{\"@type\":\"ReadAction\",\"target\":[\"https:\/\/www.lc3trasporti.com\/it\/privacy-policy\/\"]}]},{\"@type\":\"BreadcrumbList\",\"@id\":\"https:\/\/www.lc3trasporti.com\/it\/privacy-policy\/#breadcrumb\",\"itemListElement\":[{\"@type\":\"ListItem\",\"position\":1,\"name\":\"Home\",\"item\":\"https:\/\/www.lc3trasporti.com\/it\/\"},{\"@type\":\"ListItem\",\"position\":2,\"name\":\"Privacy &#038; Policy\"}]},{\"@type\":\"WebSite\",\"@id\":\"https:\/\/www.lc3trasporti.com\/it\/#website\",\"url\":\"https:\/\/www.lc3trasporti.com\/it\/\",\"name\":\"LC3 Trasporti\",\"description\":\"International natural transport\",\"potentialAction\":[{\"@type\":\"SearchAction\",\"target\":{\"@type\":\"EntryPoint\",\"urlTemplate\":\"https:\/\/www.lc3trasporti.com\/it\/?s={search_term_string}\"},\"query-input\":\"required name=search_term_string\"}],\"inLanguage\":\"it-IT\"}]}<\/script>\n<!-- \/ Yoast SEO plugin. -->","yoast_head_json":{"title":"Privacy & Policy - LC3 Trasporti","robots":{"index":"index","follow":"follow","max-snippet":"max-snippet:-1","max-image-preview":"max-image-preview:large","max-video-preview":"max-video-preview:-1"},"canonical":"https:\/\/www.lc3trasporti.com\/it\/privacy-policy\/","og_locale":"it_IT","og_type":"article","og_title":"Privacy & Policy - LC3 Trasporti","og_description":"[vc_row][vc_column][vc_column_text]LOGICOMPANY 3 S.R.L. con sede legale sita in Gubbio (PG) Via Tifernate 204, in qualit\u00e0 di Titolare del Trattamento protegge i dati personali conferiti dagli Interessati durante la navigazione e l\u2019utilizzo del sito http:\/\/www.lc3trasporti.com\/it\/assicurandone la riservatezza e garantendo il rispetto della normativa in vigore nonch\u00e9 il necessario livello di protezione, da ogni accadimento che possa &hellip;","og_url":"https:\/\/www.lc3trasporti.com\/it\/privacy-policy\/","og_site_name":"LC3 Trasporti","article_modified_time":"2022-02-23T17:32:16+00:00","twitter_card":"summary_large_image","twitter_misc":{"Tempo di lettura stimato":"7 minuti"},"schema":{"@context":"https:\/\/schema.org","@graph":[{"@type":"WebPage","@id":"https:\/\/www.lc3trasporti.com\/it\/privacy-policy\/","url":"https:\/\/www.lc3trasporti.com\/it\/privacy-policy\/","name":"Privacy & Policy - LC3 Trasporti","isPartOf":{"@id":"https:\/\/www.lc3trasporti.com\/it\/#website"},"datePublished":"2016-02-19T18:14:12+00:00","dateModified":"2022-02-23T17:32:16+00:00","breadcrumb":{"@id":"https:\/\/www.lc3trasporti.com\/it\/privacy-policy\/#breadcrumb"},"inLanguage":"it-IT","potentialAction":[{"@type":"ReadAction","target":["https:\/\/www.lc3trasporti.com\/it\/privacy-policy\/"]}]},{"@type":"BreadcrumbList","@id":"https:\/\/www.lc3trasporti.com\/it\/privacy-policy\/#breadcrumb","itemListElement":[{"@type":"ListItem","position":1,"name":"Home","item":"https:\/\/www.lc3trasporti.com\/it\/"},{"@type":"ListItem","position":2,"name":"Privacy &#038; Policy"}]},{"@type":"WebSite","@id":"https:\/\/www.lc3trasporti.com\/it\/#website","url":"https:\/\/www.lc3trasporti.com\/it\/","name":"LC3 Trasporti","description":"International natural transport","potentialAction":[{"@type":"SearchAction","target":{"@type":"EntryPoint","urlTemplate":"https:\/\/www.lc3trasporti.com\/it\/?s={search_term_string}"},"query-input":"required name=search_term_string"}],"inLanguage":"it-IT"}]}},"_links":{"self":[{"href":"https:\/\/www.lc3trasporti.com\/it\/wp-json\/wp\/v2\/pages\/602","targetHints":{"allow":["GET"]}}],"collection":[{"href":"https:\/\/www.lc3trasporti.com\/it\/wp-json\/wp\/v2\/pages"}],"about":[{"href":"https:\/\/www.lc3trasporti.com\/it\/wp-json\/wp\/v2\/types\/page"}],"author":[{"embeddable":true,"href":"https:\/\/www.lc3trasporti.com\/it\/wp-json\/wp\/v2\/users\/2"}],"replies":[{"embeddable":true,"href":"https:\/\/www.lc3trasporti.com\/it\/wp-json\/wp\/v2\/comments?post=602"}],"version-history":[{"count":8,"href":"https:\/\/www.lc3trasporti.com\/it\/wp-json\/wp\/v2\/pages\/602\/revisions"}],"predecessor-version":[{"id":2899,"href":"https:\/\/www.lc3trasporti.com\/it\/wp-json\/wp\/v2\/pages\/602\/revisions\/2899"}],"wp:attachment":[{"href":"https:\/\/www.lc3trasporti.com\/it\/wp-json\/wp\/v2\/media?parent=602"}],"curies":[{"name":"wp","href":"https:\/\/api.w.org\/{rel}","templated":true}]}}