{"id":862,"date":"2016-04-01T14:08:54","date_gmt":"2016-04-01T13:08:54","guid":{"rendered":"http:\/\/www.lc3trasporti.com\/it\/?page_id=862"},"modified":"2016-05-04T16:20:48","modified_gmt":"2016-05-04T15:20:48","slug":"chi-siamo","status":"publish","type":"page","link":"https:\/\/www.lc3trasporti.com\/it\/chi-siamo\/","title":{"rendered":"Chi siamo"},"content":{"rendered":"<p>[vc_row][vc_column width=&#8221;1\/2&#8243;][vc_column_text]<\/p>\n<p class=\"p1\" style=\"text-align: justify;\">LC3 \u00e8 un brand\u00a0di Logicompany3 Srl che dal 2009 opera nel settore dell\u2019autotrasporto in Europa. Dispone di una flotta di oltre 150 veicoli di propriet\u00e0 e di personale qualificato e costantemente aggiornato.\u00a0LC3 \u00e8 specializzata nel trasporto a temperatura controllata ed in quello dei container.<\/p>\n<p class=\"p1\" style=\"text-align: justify;\">LC3 \u00e8 certificata SQS dal 2014 ed \u00e8 abilitata al trasporto di merci pericolose e di rifiuti. \u00a0Attraverso la sua rete di filiali e le proprie dotazioni tecnologicamente avanzate LC3 \u00e8 in grado di offrire una vasta gamma di servizi alla propria clientela con una presenza capillare giornaliera su tutto il territorio nazionale.<\/p>\n<p class=\"p1\" style=\"text-align: justify;\">LC3 \u00a0\u00e8 da sempre una azienda \u201camica\u201d dell\u2019ambiente, contribuendo attivamente al suo miglioramento attraverso\u00a0la drastica riduzione degli inquinanti (soprattutto le polveri sottili) e al contenimento dei valori di CO2 immessi in atmosfera rispetto al trasporto tradizionale.<\/p>\n<p>[\/vc_column_text][\/vc_column][vc_column width=&#8221;1\/2&#8243;][vc_images_carousel images=&#8221;1073,921,1047,1069&#8243; img_size=&#8221;full&#8221; onclick=&#8221;link_no&#8221; speed=&#8221;3000&#8243;][\/vc_column][\/vc_row]<\/p>\n","protected":false},"excerpt":{"rendered":"<p>[vc_row][vc_column width=&#8221;1\/2&#8243;][vc_column_text] LC3 \u00e8 un brand\u00a0di Logicompany3 Srl che dal 2009 opera nel settore dell\u2019autotrasporto in Europa. Dispone di una flotta di oltre 150 veicoli di propriet\u00e0 e di personale qualificato e costantemente aggiornato.\u00a0LC3 \u00e8 specializzata nel trasporto a temperatura controllata ed in quello dei container. LC3 \u00e8 certificata SQS dal 2014 ed \u00e8 abilitata &hellip;<\/p>\n","protected":false},"author":2,"featured_media":0,"parent":0,"menu_order":0,"comment_status":"closed","ping_status":"closed","template":"","meta":{"footnotes":""},"class_list":["post-862","page","type-page","status-publish","hentry"],"acf":[],"yoast_head":"<!-- This site is optimized with the Yoast SEO plugin v20.1 - https:\/\/yoast.com\/wordpress\/plugins\/seo\/ -->\n<title>Chi siamo - LC3 Trasporti<\/title>\n<meta name=\"robots\" content=\"index, follow, max-snippet:-1, max-image-preview:large, max-video-preview:-1\" \/>\n<link rel=\"canonical\" href=\"https:\/\/www.lc3trasporti.com\/it\/chi-siamo\/\" \/>\n<meta property=\"og:locale\" content=\"it_IT\" \/>\n<meta property=\"og:type\" content=\"article\" \/>\n<meta property=\"og:title\" content=\"Chi siamo - LC3 Trasporti\" \/>\n<meta property=\"og:description\" content=\"[vc_row][vc_column width=&#8221;1\/2&#8243;][vc_column_text] LC3 \u00e8 un brand\u00a0di Logicompany3 Srl che dal 2009 opera nel settore dell\u2019autotrasporto in Europa. Dispone di una flotta di oltre 150 veicoli di propriet\u00e0 e di personale qualificato e costantemente aggiornato.\u00a0LC3 \u00e8 specializzata nel trasporto a temperatura controllata ed in quello dei container. LC3 \u00e8 certificata SQS dal 2014 ed \u00e8 abilitata &hellip;\" \/>\n<meta property=\"og:url\" content=\"https:\/\/www.lc3trasporti.com\/it\/chi-siamo\/\" \/>\n<meta property=\"og:site_name\" content=\"LC3 Trasporti\" \/>\n<meta property=\"article:modified_time\" content=\"2016-05-04T15:20:48+00:00\" \/>\n<meta name=\"twitter:card\" content=\"summary_large_image\" \/>\n<meta name=\"twitter:label1\" content=\"Tempo di lettura stimato\" \/>\n\t<meta name=\"twitter:data1\" content=\"1 minuto\" \/>\n<script type=\"application\/ld+json\" class=\"yoast-schema-graph\">{\"@context\":\"https:\/\/schema.org\",\"@graph\":[{\"@type\":\"WebPage\",\"@id\":\"https:\/\/www.lc3trasporti.com\/it\/chi-siamo\/\",\"url\":\"https:\/\/www.lc3trasporti.com\/it\/chi-siamo\/\",\"name\":\"Chi siamo - LC3 Trasporti\",\"isPartOf\":{\"@id\":\"https:\/\/www.lc3trasporti.com\/it\/#website\"},\"datePublished\":\"2016-04-01T13:08:54+00:00\",\"dateModified\":\"2016-05-04T15:20:48+00:00\",\"breadcrumb\":{\"@id\":\"https:\/\/www.lc3trasporti.com\/it\/chi-siamo\/#breadcrumb\"},\"inLanguage\":\"it-IT\",\"potentialAction\":[{\"@type\":\"ReadAction\",\"target\":[\"https:\/\/www.lc3trasporti.com\/it\/chi-siamo\/\"]}]},{\"@type\":\"BreadcrumbList\",\"@id\":\"https:\/\/www.lc3trasporti.com\/it\/chi-siamo\/#breadcrumb\",\"itemListElement\":[{\"@type\":\"ListItem\",\"position\":1,\"name\":\"Home\",\"item\":\"https:\/\/www.lc3trasporti.com\/it\/\"},{\"@type\":\"ListItem\",\"position\":2,\"name\":\"Chi siamo\"}]},{\"@type\":\"WebSite\",\"@id\":\"https:\/\/www.lc3trasporti.com\/it\/#website\",\"url\":\"https:\/\/www.lc3trasporti.com\/it\/\",\"name\":\"LC3 Trasporti\",\"description\":\"International natural transport\",\"potentialAction\":[{\"@type\":\"SearchAction\",\"target\":{\"@type\":\"EntryPoint\",\"urlTemplate\":\"https:\/\/www.lc3trasporti.com\/it\/?s={search_term_string}\"},\"query-input\":\"required name=search_term_string\"}],\"inLanguage\":\"it-IT\"}]}<\/script>\n<!-- \/ Yoast SEO plugin. -->","yoast_head_json":{"title":"Chi siamo - LC3 Trasporti","robots":{"index":"index","follow":"follow","max-snippet":"max-snippet:-1","max-image-preview":"max-image-preview:large","max-video-preview":"max-video-preview:-1"},"canonical":"https:\/\/www.lc3trasporti.com\/it\/chi-siamo\/","og_locale":"it_IT","og_type":"article","og_title":"Chi siamo - LC3 Trasporti","og_description":"[vc_row][vc_column width=&#8221;1\/2&#8243;][vc_column_text] LC3 \u00e8 un brand\u00a0di Logicompany3 Srl che dal 2009 opera nel settore dell\u2019autotrasporto in Europa. Dispone di una flotta di oltre 150 veicoli di propriet\u00e0 e di personale qualificato e costantemente aggiornato.\u00a0LC3 \u00e8 specializzata nel trasporto a temperatura controllata ed in quello dei container. LC3 \u00e8 certificata SQS dal 2014 ed \u00e8 abilitata &hellip;","og_url":"https:\/\/www.lc3trasporti.com\/it\/chi-siamo\/","og_site_name":"LC3 Trasporti","article_modified_time":"2016-05-04T15:20:48+00:00","twitter_card":"summary_large_image","twitter_misc":{"Tempo di lettura stimato":"1 minuto"},"schema":{"@context":"https:\/\/schema.org","@graph":[{"@type":"WebPage","@id":"https:\/\/www.lc3trasporti.com\/it\/chi-siamo\/","url":"https:\/\/www.lc3trasporti.com\/it\/chi-siamo\/","name":"Chi siamo - LC3 Trasporti","isPartOf":{"@id":"https:\/\/www.lc3trasporti.com\/it\/#website"},"datePublished":"2016-04-01T13:08:54+00:00","dateModified":"2016-05-04T15:20:48+00:00","breadcrumb":{"@id":"https:\/\/www.lc3trasporti.com\/it\/chi-siamo\/#breadcrumb"},"inLanguage":"it-IT","potentialAction":[{"@type":"ReadAction","target":["https:\/\/www.lc3trasporti.com\/it\/chi-siamo\/"]}]},{"@type":"BreadcrumbList","@id":"https:\/\/www.lc3trasporti.com\/it\/chi-siamo\/#breadcrumb","itemListElement":[{"@type":"ListItem","position":1,"name":"Home","item":"https:\/\/www.lc3trasporti.com\/it\/"},{"@type":"ListItem","position":2,"name":"Chi siamo"}]},{"@type":"WebSite","@id":"https:\/\/www.lc3trasporti.com\/it\/#website","url":"https:\/\/www.lc3trasporti.com\/it\/","name":"LC3 Trasporti","description":"International natural transport","potentialAction":[{"@type":"SearchAction","target":{"@type":"EntryPoint","urlTemplate":"https:\/\/www.lc3trasporti.com\/it\/?s={search_term_string}"},"query-input":"required name=search_term_string"}],"inLanguage":"it-IT"}]}},"_links":{"self":[{"href":"https:\/\/www.lc3trasporti.com\/it\/wp-json\/wp\/v2\/pages\/862","targetHints":{"allow":["GET"]}}],"collection":[{"href":"https:\/\/www.lc3trasporti.com\/it\/wp-json\/wp\/v2\/pages"}],"about":[{"href":"https:\/\/www.lc3trasporti.com\/it\/wp-json\/wp\/v2\/types\/page"}],"author":[{"embeddable":true,"href":"https:\/\/www.lc3trasporti.com\/it\/wp-json\/wp\/v2\/users\/2"}],"replies":[{"embeddable":true,"href":"https:\/\/www.lc3trasporti.com\/it\/wp-json\/wp\/v2\/comments?post=862"}],"version-history":[{"count":14,"href":"https:\/\/www.lc3trasporti.com\/it\/wp-json\/wp\/v2\/pages\/862\/revisions"}],"predecessor-version":[{"id":1179,"href":"https:\/\/www.lc3trasporti.com\/it\/wp-json\/wp\/v2\/pages\/862\/revisions\/1179"}],"wp:attachment":[{"href":"https:\/\/www.lc3trasporti.com\/it\/wp-json\/wp\/v2\/media?parent=862"}],"curies":[{"name":"wp","href":"https:\/\/api.w.org\/{rel}","templated":true}]}}